{"id":3,"date":"2025-01-04T10:18:06","date_gmt":"2025-01-04T10:18:06","guid":{"rendered":"https:\/\/oliviablanchard.com\/?page_id=3"},"modified":"2025-04-09T09:05:46","modified_gmt":"2025-04-09T09:05:46","slug":"politica-de-privacidad","status":"publish","type":"page","link":"https:\/\/oliviablanchard.com\/en\/politica-de-privacidad\/","title":{"rendered":"Privacy policy"},"content":{"rendered":"<p>Olivia Blanchard Wrigglesworth is committed to ensuring that your privacy is protected. This privacy policy explains how we use the personal information we collect through our website and other digital channels, in compliance with the General Regulation of Data Protection (RGPD) (EU 2016\/679) and the Organic Act 3\/2018, on Personal Data Protection and guarantee of digital rights (LOPDGDD).<\/p>\r\n<h4 class=\"wp-block-heading\">Responsible for the Data Processing<\/h4>\r\n<ul>\r\n<li><strong>Responsible<\/strong>: Olivia Blanchard Wrigglesworth<\/li>\r\n<li><strong>Email address<\/strong>: <a rel=\"noopener\">olivia@oliviablanchard.com<\/a><\/li>\r\n<\/ul>\r\n<h4>Use of Cookies<\/h4>\r\n<p>Our website uses cookies to collect technical information and enhance your user experience. For more details on how we use the cookies, please refer to our <strong>Cookie policy<\/strong>.<\/p>\r\n<h4>Changes in the Privacy Policy<\/h4>\r\n<p>Olivia Blanchard Wrigglesworth reserves the right to modify this privacy policy at any time. Any change will be communicated through this website.<\/p>\r\n<h4>Contact<\/h4>\r\n<p>If you have any questions about this privacy policy or about how we handle your personal data, you can contact with us through <strong><a rel=\"noopener\">olivia@oliviablanchard.com<\/a><\/strong>.<\/p>","protected":false},"excerpt":{"rendered":"<p>Olivia Blanchard Wrigglesworth se compromete a garantizar que su privacidad est\u00e9 protegida. Esta pol\u00edtica de privacidad explica c\u00f3mo usamos la informaci\u00f3n personal que recopilamos a trav\u00e9s de nuestro sitio web y otros canales digitales, en cumplimiento con el Reglamento General de Protecci\u00f3n de Datos (RGPD) (UE 2016\/679) y la Ley Org\u00e1nica 3\/2018, de Protecci\u00f3n de&hellip;&nbsp;<\/p>","protected":false},"author":1,"featured_media":0,"parent":0,"menu_order":0,"comment_status":"closed","ping_status":"open","template":"","meta":{"neve_meta_sidebar":"","neve_meta_container":"","neve_meta_enable_content_width":"off","neve_meta_content_width":100,"neve_meta_title_alignment":"","neve_meta_author_avatar":"","neve_post_elements_order":"","neve_meta_disable_header":"","neve_meta_disable_footer":"","neve_meta_disable_title":"","neve_meta_reading_time":"","footnotes":""},"class_list":["post-3","page","type-page","status-publish","hentry"],"yoast_head":"<!-- This site is optimized with the Yoast SEO plugin v27.4 - https:\/\/yoast.com\/product\/yoast-seo-wordpress\/ -->\n<title>Pol\u00edtica de Privacidad - Olivia Blanchard | Investigadora y consultora independiente<\/title>\n<meta name=\"robots\" content=\"index, follow, max-snippet:-1, max-image-preview:large, max-video-preview:-1\" \/>\n<link rel=\"canonical\" href=\"https:\/\/oliviablanchard.com\/en\/politica-de-privacidad\/\" \/>\n<meta property=\"og:locale\" content=\"en_GB\" \/>\n<meta property=\"og:type\" content=\"article\" \/>\n<meta property=\"og:title\" content=\"Pol\u00edtica de Privacidad - Olivia Blanchard | Investigadora y consultora independiente\" \/>\n<meta property=\"og:description\" content=\"Olivia Blanchard Wrigglesworth se compromete a garantizar que su privacidad est\u00e9 protegida. Esta pol\u00edtica de privacidad explica c\u00f3mo usamos la informaci\u00f3n personal que recopilamos a trav\u00e9s de nuestro sitio web y otros canales digitales, en cumplimiento con el Reglamento General de Protecci\u00f3n de Datos (RGPD) (UE 2016\/679) y la Ley Org\u00e1nica 3\/2018, de Protecci\u00f3n de&hellip;&nbsp;\" \/>\n<meta property=\"og:url\" content=\"https:\/\/oliviablanchard.com\/en\/politica-de-privacidad\/\" \/>\n<meta property=\"og:site_name\" content=\"Olivia Blanchard | Investigadora y consultora independiente\" \/>\n<meta property=\"article:modified_time\" content=\"2025-04-09T09:05:46+00:00\" \/>\n<meta name=\"twitter:card\" content=\"summary_large_image\" \/>\n<meta name=\"twitter:label1\" content=\"Estimated reading time\" \/>\n\t<meta name=\"twitter:data1\" content=\"1 minute\" \/>\n<script type=\"application\/ld+json\" class=\"yoast-schema-graph\">{\"@context\":\"https:\\\/\\\/schema.org\",\"@graph\":[{\"@type\":\"WebPage\",\"@id\":\"https:\\\/\\\/oliviablanchard.com\\\/politica-de-privacidad\\\/\",\"url\":\"https:\\\/\\\/oliviablanchard.com\\\/politica-de-privacidad\\\/\",\"name\":\"Pol\u00edtica de Privacidad - Olivia Blanchard | Investigadora y consultora independiente\",\"isPartOf\":{\"@id\":\"https:\\\/\\\/oliviablanchard.com\\\/#website\"},\"datePublished\":\"2025-01-04T10:18:06+00:00\",\"dateModified\":\"2025-04-09T09:05:46+00:00\",\"breadcrumb\":{\"@id\":\"https:\\\/\\\/oliviablanchard.com\\\/politica-de-privacidad\\\/#breadcrumb\"},\"inLanguage\":\"en-GB\",\"potentialAction\":[{\"@type\":\"ReadAction\",\"target\":[\"https:\\\/\\\/oliviablanchard.com\\\/politica-de-privacidad\\\/\"]}]},{\"@type\":\"BreadcrumbList\",\"@id\":\"https:\\\/\\\/oliviablanchard.com\\\/politica-de-privacidad\\\/#breadcrumb\",\"itemListElement\":[{\"@type\":\"ListItem\",\"position\":1,\"name\":\"Portada\",\"item\":\"https:\\\/\\\/oliviablanchard.com\\\/\"},{\"@type\":\"ListItem\",\"position\":2,\"name\":\"Pol\u00edtica de Privacidad\"}]},{\"@type\":\"WebSite\",\"@id\":\"https:\\\/\\\/oliviablanchard.com\\\/#website\",\"url\":\"https:\\\/\\\/oliviablanchard.com\\\/\",\"name\":\"Olivia Blanchard | Investigadora y consultora independiente\",\"description\":\"Soy investigadora y consultora independiente especializada en el impacto de las tecnolog&iacute;as digitales y la IA en la sociedad. Trabajo en Barcelona y a nivel internacional, en investigaci&oacute;n, divulgaci&oacute;n, facilitaci&oacute;n y formaci&oacute;n. Antes de ser consultora a tiempo completo, trabaj&eacute; durante cinco a&ntilde;os como investigadora senior en la Fundaci&oacute;n Mobile World Capital en Barcelona, \u200b\u200bdonde dirig&iacute; la investigaci&oacute;n del think tank sobre el futuro del trabajo.\",\"potentialAction\":[{\"@type\":\"SearchAction\",\"target\":{\"@type\":\"EntryPoint\",\"urlTemplate\":\"https:\\\/\\\/oliviablanchard.com\\\/?s={search_term_string}\"},\"query-input\":{\"@type\":\"PropertyValueSpecification\",\"valueRequired\":true,\"valueName\":\"search_term_string\"}}],\"inLanguage\":\"en-GB\"}]}<\/script>\n<!-- \/ Yoast SEO plugin. -->","yoast_head_json":{"title":"Pol\u00edtica de Privacidad - Olivia Blanchard | Investigadora y consultora independiente","robots":{"index":"index","follow":"follow","max-snippet":"max-snippet:-1","max-image-preview":"max-image-preview:large","max-video-preview":"max-video-preview:-1"},"canonical":"https:\/\/oliviablanchard.com\/en\/politica-de-privacidad\/","og_locale":"en_GB","og_type":"article","og_title":"Pol\u00edtica de Privacidad - Olivia Blanchard | Investigadora y consultora independiente","og_description":"Olivia Blanchard Wrigglesworth se compromete a garantizar que su privacidad est\u00e9 protegida. Esta pol\u00edtica de privacidad explica c\u00f3mo usamos la informaci\u00f3n personal que recopilamos a trav\u00e9s de nuestro sitio web y otros canales digitales, en cumplimiento con el Reglamento General de Protecci\u00f3n de Datos (RGPD) (UE 2016\/679) y la Ley Org\u00e1nica 3\/2018, de Protecci\u00f3n de&hellip;&nbsp;","og_url":"https:\/\/oliviablanchard.com\/en\/politica-de-privacidad\/","og_site_name":"Olivia Blanchard | Investigadora y consultora independiente","article_modified_time":"2025-04-09T09:05:46+00:00","twitter_card":"summary_large_image","twitter_misc":{"Estimated reading time":"1 minute"},"schema":{"@context":"https:\/\/schema.org","@graph":[{"@type":"WebPage","@id":"https:\/\/oliviablanchard.com\/politica-de-privacidad\/","url":"https:\/\/oliviablanchard.com\/politica-de-privacidad\/","name":"Pol\u00edtica de Privacidad - Olivia Blanchard | Investigadora y consultora independiente","isPartOf":{"@id":"https:\/\/oliviablanchard.com\/#website"},"datePublished":"2025-01-04T10:18:06+00:00","dateModified":"2025-04-09T09:05:46+00:00","breadcrumb":{"@id":"https:\/\/oliviablanchard.com\/politica-de-privacidad\/#breadcrumb"},"inLanguage":"en-GB","potentialAction":[{"@type":"ReadAction","target":["https:\/\/oliviablanchard.com\/politica-de-privacidad\/"]}]},{"@type":"BreadcrumbList","@id":"https:\/\/oliviablanchard.com\/politica-de-privacidad\/#breadcrumb","itemListElement":[{"@type":"ListItem","position":1,"name":"Portada","item":"https:\/\/oliviablanchard.com\/"},{"@type":"ListItem","position":2,"name":"Pol\u00edtica de Privacidad"}]},{"@type":"WebSite","@id":"https:\/\/oliviablanchard.com\/#website","url":"https:\/\/oliviablanchard.com\/","name":"Olivia Blanchard | Investigadora y consultora independiente","description":"Soy investigadora y consultora independiente especializada en el impacto de las tecnolog&iacute;as digitales y la IA en la sociedad. Trabajo en Barcelona y a nivel internacional, en investigaci&oacute;n, divulgaci&oacute;n, facilitaci&oacute;n y formaci&oacute;n. Antes de ser consultora a tiempo completo, trabaj&eacute; durante cinco a&ntilde;os como investigadora senior en la Fundaci&oacute;n Mobile World Capital en Barcelona, \u200b\u200bdonde dirig&iacute; la investigaci&oacute;n del think tank sobre el futuro del trabajo.","potentialAction":[{"@type":"SearchAction","target":{"@type":"EntryPoint","urlTemplate":"https:\/\/oliviablanchard.com\/?s={search_term_string}"},"query-input":{"@type":"PropertyValueSpecification","valueRequired":true,"valueName":"search_term_string"}}],"inLanguage":"en-GB"}]}},"_links":{"self":[{"href":"https:\/\/oliviablanchard.com\/en\/wp-json\/wp\/v2\/pages\/3","targetHints":{"allow":["GET"]}}],"collection":[{"href":"https:\/\/oliviablanchard.com\/en\/wp-json\/wp\/v2\/pages"}],"about":[{"href":"https:\/\/oliviablanchard.com\/en\/wp-json\/wp\/v2\/types\/page"}],"author":[{"embeddable":true,"href":"https:\/\/oliviablanchard.com\/en\/wp-json\/wp\/v2\/users\/1"}],"replies":[{"embeddable":true,"href":"https:\/\/oliviablanchard.com\/en\/wp-json\/wp\/v2\/comments?post=3"}],"version-history":[{"count":5,"href":"https:\/\/oliviablanchard.com\/en\/wp-json\/wp\/v2\/pages\/3\/revisions"}],"predecessor-version":[{"id":1616,"href":"https:\/\/oliviablanchard.com\/en\/wp-json\/wp\/v2\/pages\/3\/revisions\/1616"}],"wp:attachment":[{"href":"https:\/\/oliviablanchard.com\/en\/wp-json\/wp\/v2\/media?parent=3"}],"curies":[{"name":"wp","href":"https:\/\/api.w.org\/{rel}","templated":true}]}}