{"id":198,"date":"2025-02-10T14:30:23","date_gmt":"2025-02-10T14:30:23","guid":{"rendered":"https:\/\/oliviablanchard.com\/?page_id=198"},"modified":"2025-06-12T06:40:56","modified_gmt":"2025-06-12T06:40:56","slug":"blog","status":"publish","type":"page","link":"https:\/\/oliviablanchard.com\/en\/blog\/","title":{"rendered":"Blog"},"content":{"rendered":"<div data-elementor-type=\"wp-page\" data-elementor-id=\"198\" class=\"elementor elementor-198\" data-elementor-post-type=\"page\">\n\t\t\t\t<div data-particle_enable=\"false\" data-particle-mobile-disabled=\"false\" class=\"elementor-element elementor-element-3962c764 e-flex e-con-boxed e-con e-parent\" data-id=\"3962c764\" data-element_type=\"container\" data-e-type=\"container\" data-settings=\"{&quot;background_background&quot;:&quot;classic&quot;}\">\n\t\t\t\t\t<div class=\"e-con-inner\">\n\t\t<div data-particle_enable=\"false\" data-particle-mobile-disabled=\"false\" class=\"elementor-element elementor-element-146e51b7 e-con-full e-flex e-con e-child\" data-id=\"146e51b7\" data-element_type=\"container\" data-e-type=\"container\">\n\t\t<div data-particle_enable=\"false\" data-particle-mobile-disabled=\"false\" class=\"elementor-element elementor-element-2152d344 e-con-full e-flex e-con e-child\" data-id=\"2152d344\" data-element_type=\"container\" data-e-type=\"container\">\n\t\t\t\t<div class=\"elementor-element elementor-element-5915539a elementor-widget elementor-widget-heading\" data-id=\"5915539a\" data-element_type=\"widget\" data-e-type=\"widget\" data-widget_type=\"heading.default\">\n\t\t\t\t<div class=\"elementor-widget-container\">\n\t\t\t\t\t<h2 class=\"elementor-heading-title elementor-size-default\">Blog<\/h2>\t\t\t\t<\/div>\n\t\t\t\t<\/div>\n\t\t\t\t<\/div>\n\t\t<div data-particle_enable=\"false\" data-particle-mobile-disabled=\"false\" class=\"elementor-element elementor-element-4a5bc00a e-con-full e-flex e-con e-child\" data-id=\"4a5bc00a\" data-element_type=\"container\" data-e-type=\"container\">\n\t\t\t\t<div class=\"elementor-element elementor-element-6131aa80 elementor-widget__width-initial elementor-widget elementor-widget-text-editor\" data-id=\"6131aa80\" data-element_type=\"widget\" data-e-type=\"widget\" data-widget_type=\"text-editor.default\">\n\t\t\t\t<div class=\"elementor-widget-container\">\n\t\t\t\t\t\t\t\t\t<p>A space to reflect on the future of work, our rights in the digital age, and the\nchallenges we face in an ever more digital society.<\/p>\t\t\t\t\t\t\t\t<\/div>\n\t\t\t\t<\/div>\n\t\t\t\t<\/div>\n\t\t\t\t<\/div>\n\t\t<div data-particle_enable=\"false\" data-particle-mobile-disabled=\"false\" class=\"elementor-element elementor-element-176e9c13 e-con-full e-flex e-con e-child\" data-id=\"176e9c13\" data-element_type=\"container\" data-e-type=\"container\">\n\t\t<div data-particle_enable=\"false\" data-particle-mobile-disabled=\"false\" class=\"elementor-element elementor-element-5047d115 e-con-full e-flex e-con e-child\" data-id=\"5047d115\" data-element_type=\"container\" data-e-type=\"container\">\n\t\t<div data-particle_enable=\"false\" data-particle-mobile-disabled=\"false\" class=\"elementor-element elementor-element-4bdb13d e-con-full e-flex e-con e-child\" data-id=\"4bdb13d\" data-element_type=\"container\" data-e-type=\"container\">\n\t\t\t\t<div class=\"elementor-element elementor-element-03983fa elementor-grid-3 elementor-grid-tablet-2 elementor-grid-mobile-1 elementor-posts--thumbnail-top elementor-card-shadow-yes elementor-posts__hover-gradient elementor-widget elementor-widget-posts\" data-id=\"03983fa\" data-element_type=\"widget\" data-e-type=\"widget\" data-settings=\"{&quot;pagination_type&quot;:&quot;numbers_and_prev_next&quot;,&quot;cards_columns&quot;:&quot;3&quot;,&quot;cards_columns_tablet&quot;:&quot;2&quot;,&quot;cards_columns_mobile&quot;:&quot;1&quot;,&quot;cards_row_gap&quot;:{&quot;unit&quot;:&quot;px&quot;,&quot;size&quot;:35,&quot;sizes&quot;:[]},&quot;cards_row_gap_tablet&quot;:{&quot;unit&quot;:&quot;px&quot;,&quot;size&quot;:&quot;&quot;,&quot;sizes&quot;:[]},&quot;cards_row_gap_mobile&quot;:{&quot;unit&quot;:&quot;px&quot;,&quot;size&quot;:&quot;&quot;,&quot;sizes&quot;:[]}}\" data-widget_type=\"posts.cards\">\n\t\t\t\t<div class=\"elementor-widget-container\">\n\t\t\t\t\t\t\t<div class=\"elementor-posts-container elementor-posts elementor-posts--skin-cards elementor-grid\" role=\"list\">\n\t\t\t\t<article class=\"elementor-post elementor-grid-item post-1912 post type-post status-publish format-standard has-post-thumbnail hentry category-uncategorized\" role=\"listitem\">\n\t\t\t<div class=\"elementor-post__card\">\n\t\t\t\t<a class=\"elementor-post__thumbnail__link\" href=\"https:\/\/oliviablanchard.com\/en\/que-podemos-aprender-del-movimiento-ludita\/\" tabindex=\"-1\" ><div class=\"elementor-post__thumbnail\"><img fetchpriority=\"high\" decoding=\"async\" width=\"701\" height=\"447\" src=\"https:\/\/oliviablanchard.com\/wp-content\/uploads\/2025\/09\/Captura-de-pantalla-2025-09-26-a-las-10.45.05.png\" class=\"attachment-full size-full wp-image-1969\" alt=\"\" srcset=\"https:\/\/oliviablanchard.com\/wp-content\/uploads\/2025\/09\/Captura-de-pantalla-2025-09-26-a-las-10.45.05.png 701w, https:\/\/oliviablanchard.com\/wp-content\/uploads\/2025\/09\/Captura-de-pantalla-2025-09-26-a-las-10.45.05-300x191.png 300w, https:\/\/oliviablanchard.com\/wp-content\/uploads\/2025\/09\/Captura-de-pantalla-2025-09-26-a-las-10.45.05-18x12.png 18w\" sizes=\"(max-width: 701px) 100vw, 701px\" \/><\/div><\/a>\n\t\t\t\t<div class=\"elementor-post__text\">\n\t\t\t\t<h3 class=\"elementor-post__title\">\n\t\t\t<a href=\"https:\/\/oliviablanchard.com\/en\/que-podemos-aprender-del-movimiento-ludita\/\" >\n\t\t\t\tQu\u00e9 podemos aprender del movimiento ludita\t\t\t<\/a>\n\t\t<\/h3>\n\t\t\t\t<div class=\"elementor-post__excerpt\">\n\t\t\t<p>Yo no soy ludita, pero&#8230;\u201d. Con frecuencia, oigo a alguien iniciar su intervenci\u00f3n en un debate sobre la tecnolog\u00eda con estas palabras. Y cada vez<\/p>\n\t\t<\/div>\n\t\t\n\t\t<a class=\"elementor-post__read-more\" href=\"https:\/\/oliviablanchard.com\/en\/que-podemos-aprender-del-movimiento-ludita\/\" aria-label=\"Read more about Qu\u00e9 podemos aprender del movimiento ludita\" tabindex=\"-1\" >\n\t\t\tRead more &#034;\t\t<\/a>\n\n\t\t\t\t<\/div>\n\t\t\t\t<div class=\"elementor-post__meta-data\">\n\t\t\t\t\t<span class=\"elementor-post-date\">\n\t\t\tSeptember 15, 2025\t\t<\/span>\n\t\t\t\t<\/div>\n\t\t\t\t\t<\/div>\n\t\t<\/article>\n\t\t\t\t<article class=\"elementor-post elementor-grid-item post-1746 post type-post status-publish format-standard has-post-thumbnail hentry category-uncategorized\" role=\"listitem\">\n\t\t\t<div class=\"elementor-post__card\">\n\t\t\t\t<a class=\"elementor-post__thumbnail__link\" href=\"https:\/\/oliviablanchard.com\/en\/nuestros-derechos-en-la-era-digital\/\" tabindex=\"-1\" ><div class=\"elementor-post__thumbnail\"><img decoding=\"async\" width=\"1377\" height=\"892\" src=\"https:\/\/oliviablanchard.com\/wp-content\/uploads\/2025\/05\/Captura-de-pantalla-2025-05-05-a-las-14.04.35-e1746446902777.png\" class=\"attachment-full size-full wp-image-1747\" alt=\"\" srcset=\"https:\/\/oliviablanchard.com\/wp-content\/uploads\/2025\/05\/Captura-de-pantalla-2025-05-05-a-las-14.04.35-e1746446902777.png 1377w, https:\/\/oliviablanchard.com\/wp-content\/uploads\/2025\/05\/Captura-de-pantalla-2025-05-05-a-las-14.04.35-e1746446902777-300x194.png 300w, https:\/\/oliviablanchard.com\/wp-content\/uploads\/2025\/05\/Captura-de-pantalla-2025-05-05-a-las-14.04.35-e1746446902777-1024x663.png 1024w, https:\/\/oliviablanchard.com\/wp-content\/uploads\/2025\/05\/Captura-de-pantalla-2025-05-05-a-las-14.04.35-e1746446902777-768x497.png 768w, https:\/\/oliviablanchard.com\/wp-content\/uploads\/2025\/05\/Captura-de-pantalla-2025-05-05-a-las-14.04.35-e1746446902777-18x12.png 18w\" sizes=\"(max-width: 1377px) 100vw, 1377px\" \/><\/div><\/a>\n\t\t\t\t<div class=\"elementor-post__text\">\n\t\t\t\t<h3 class=\"elementor-post__title\">\n\t\t\t<a href=\"https:\/\/oliviablanchard.com\/en\/nuestros-derechos-en-la-era-digital\/\" >\n\t\t\t\tNuestros derechos en la era digital\t\t\t<\/a>\n\t\t<\/h3>\n\t\t\t\t<div class=\"elementor-post__excerpt\">\n\t\t\t<p>\ud83d\udde3\ufe0f \u00bfC\u00f3mo protegemos nuestros derechos fundamentales en una sociedad\u00a0 cada vez m\u00e1s digitalizada? En el futuro \u00bfnecesitaremos nuevos derechos? Te\u00a0 invito a que nos acompa\u00f1es<\/p>\n\t\t<\/div>\n\t\t\n\t\t<a class=\"elementor-post__read-more\" href=\"https:\/\/oliviablanchard.com\/en\/nuestros-derechos-en-la-era-digital\/\" aria-label=\"Read more about Nuestros derechos en la era digital\" tabindex=\"-1\" >\n\t\t\tRead more &#034;\t\t<\/a>\n\n\t\t\t\t<\/div>\n\t\t\t\t<div class=\"elementor-post__meta-data\">\n\t\t\t\t\t<span class=\"elementor-post-date\">\n\t\t\tMay 5, 2025\t\t<\/span>\n\t\t\t\t<\/div>\n\t\t\t\t\t<\/div>\n\t\t<\/article>\n\t\t\t\t<article class=\"elementor-post elementor-grid-item post-356 post type-post status-publish format-standard has-post-thumbnail hentry category-uncategorized\" role=\"listitem\">\n\t\t\t<div class=\"elementor-post__card\">\n\t\t\t\t<a class=\"elementor-post__thumbnail__link\" href=\"https:\/\/oliviablanchard.com\/en\/por-que-es-importante-desarrollar-tecnologias-de-salud-digital-con-perspectiva-de-genero\/\" tabindex=\"-1\" ><div class=\"elementor-post__thumbnail\"><img decoding=\"async\" width=\"1280\" height=\"720\" src=\"https:\/\/oliviablanchard.com\/wp-content\/uploads\/2025\/02\/1731015190105.jpeg\" class=\"attachment-full size-full wp-image-357\" alt=\"\" srcset=\"https:\/\/oliviablanchard.com\/wp-content\/uploads\/2025\/02\/1731015190105.jpeg 1280w, https:\/\/oliviablanchard.com\/wp-content\/uploads\/2025\/02\/1731015190105-300x169.jpeg 300w, https:\/\/oliviablanchard.com\/wp-content\/uploads\/2025\/02\/1731015190105-1024x576.jpeg 1024w, https:\/\/oliviablanchard.com\/wp-content\/uploads\/2025\/02\/1731015190105-768x432.jpeg 768w, https:\/\/oliviablanchard.com\/wp-content\/uploads\/2025\/02\/1731015190105-18x10.jpeg 18w\" sizes=\"(max-width: 1280px) 100vw, 1280px\" \/><\/div><\/a>\n\t\t\t\t<div class=\"elementor-post__text\">\n\t\t\t\t<h3 class=\"elementor-post__title\">\n\t\t\t<a href=\"https:\/\/oliviablanchard.com\/en\/por-que-es-importante-desarrollar-tecnologias-de-salud-digital-con-perspectiva-de-genero\/\" >\n\t\t\t\t\u00bfPor qu\u00e9 es importante desarrollar tecnolog\u00edas de salud digital con perspectiva de g\u00e9nero?\t\t\t<\/a>\n\t\t<\/h3>\n\t\t\t\t<div class=\"elementor-post__excerpt\">\n\t\t\t<p>\u00c9rase una vez la Babylon Health, una startup de salud digital fundada en 2013 y con sede en el Reino Unido, que ofrec\u00eda un servicio<\/p>\n\t\t<\/div>\n\t\t\n\t\t<a class=\"elementor-post__read-more\" href=\"https:\/\/oliviablanchard.com\/en\/por-que-es-importante-desarrollar-tecnologias-de-salud-digital-con-perspectiva-de-genero\/\" aria-label=\"Read more about \u00bfPor qu\u00e9 es importante desarrollar tecnolog\u00edas de salud digital con perspectiva de g\u00e9nero?\" tabindex=\"-1\" >\n\t\t\tRead more &#034;\t\t<\/a>\n\n\t\t\t\t<\/div>\n\t\t\t\t<div class=\"elementor-post__meta-data\">\n\t\t\t\t\t<span class=\"elementor-post-date\">\n\t\t\tFebruary 11, 2025\t\t<\/span>\n\t\t\t\t<\/div>\n\t\t\t\t\t<\/div>\n\t\t<\/article>\n\t\t\t\t<article class=\"elementor-post elementor-grid-item post-353 post type-post status-publish format-standard has-post-thumbnail hentry category-uncategorized\" role=\"listitem\">\n\t\t\t<div class=\"elementor-post__card\">\n\t\t\t\t<a class=\"elementor-post__thumbnail__link\" href=\"https:\/\/oliviablanchard.com\/en\/si-tuvieras-la-oportunidad-de-hablar-con-un-ser-querido-que-ha-fallecido-lo-harias-las-promesas-de-la-ia\/\" tabindex=\"-1\" ><div class=\"elementor-post__thumbnail\"><img loading=\"lazy\" decoding=\"async\" width=\"1130\" height=\"720\" src=\"https:\/\/oliviablanchard.com\/wp-content\/uploads\/2025\/02\/1730367289274-e1745934479912.jpeg\" class=\"attachment-full size-full wp-image-354\" alt=\"\" srcset=\"https:\/\/oliviablanchard.com\/wp-content\/uploads\/2025\/02\/1730367289274-e1745934479912.jpeg 1130w, https:\/\/oliviablanchard.com\/wp-content\/uploads\/2025\/02\/1730367289274-e1745934479912-300x191.jpeg 300w, https:\/\/oliviablanchard.com\/wp-content\/uploads\/2025\/02\/1730367289274-e1745934479912-1024x652.jpeg 1024w, https:\/\/oliviablanchard.com\/wp-content\/uploads\/2025\/02\/1730367289274-e1745934479912-768x489.jpeg 768w, https:\/\/oliviablanchard.com\/wp-content\/uploads\/2025\/02\/1730367289274-e1745934479912-18x12.jpeg 18w\" sizes=\"(max-width: 1130px) 100vw, 1130px\" \/><\/div><\/a>\n\t\t\t\t<div class=\"elementor-post__text\">\n\t\t\t\t<h3 class=\"elementor-post__title\">\n\t\t\t<a href=\"https:\/\/oliviablanchard.com\/en\/si-tuvieras-la-oportunidad-de-hablar-con-un-ser-querido-que-ha-fallecido-lo-harias-las-promesas-de-la-ia\/\" >\n\t\t\t\tSi tuvieras la oportunidad de hablar con un ser querido que ha fallecido, \u00bflo har\u00edas? Las promesas de la IA\t\t\t<\/a>\n\t\t<\/h3>\n\t\t\t\t<div class=\"elementor-post__excerpt\">\n\t\t\t<p>Si tuvieras la oportunidad de hablar con un ser querido que ha fallecido \u00bflo har\u00edas? As\u00ed comienza el trailer del documental Eternal You (2024), que<\/p>\n\t\t<\/div>\n\t\t\n\t\t<a class=\"elementor-post__read-more\" href=\"https:\/\/oliviablanchard.com\/en\/si-tuvieras-la-oportunidad-de-hablar-con-un-ser-querido-que-ha-fallecido-lo-harias-las-promesas-de-la-ia\/\" aria-label=\"Read more about Si tuvieras la oportunidad de hablar con un ser querido que ha fallecido, \u00bflo har\u00edas? Las promesas de la IA\" tabindex=\"-1\" >\n\t\t\tRead more &#034;\t\t<\/a>\n\n\t\t\t\t<\/div>\n\t\t\t\t<div class=\"elementor-post__meta-data\">\n\t\t\t\t\t<span class=\"elementor-post-date\">\n\t\t\tFebruary 11, 2025\t\t<\/span>\n\t\t\t\t<\/div>\n\t\t\t\t\t<\/div>\n\t\t<\/article>\n\t\t\t\t<article class=\"elementor-post elementor-grid-item post-350 post type-post status-publish format-standard has-post-thumbnail hentry category-uncategorized\" role=\"listitem\">\n\t\t\t<div class=\"elementor-post__card\">\n\t\t\t\t<a class=\"elementor-post__thumbnail__link\" href=\"https:\/\/oliviablanchard.com\/en\/la-batalla-del-copyright-en-tiempos-de-ia\/\" tabindex=\"-1\" ><div class=\"elementor-post__thumbnail\"><img loading=\"lazy\" decoding=\"async\" width=\"1280\" height=\"719\" src=\"https:\/\/oliviablanchard.com\/wp-content\/uploads\/2025\/02\/1730181291253.jpeg\" class=\"attachment-full size-full wp-image-351\" alt=\"\" srcset=\"https:\/\/oliviablanchard.com\/wp-content\/uploads\/2025\/02\/1730181291253.jpeg 1280w, https:\/\/oliviablanchard.com\/wp-content\/uploads\/2025\/02\/1730181291253-300x169.jpeg 300w, https:\/\/oliviablanchard.com\/wp-content\/uploads\/2025\/02\/1730181291253-1024x575.jpeg 1024w, https:\/\/oliviablanchard.com\/wp-content\/uploads\/2025\/02\/1730181291253-768x431.jpeg 768w, https:\/\/oliviablanchard.com\/wp-content\/uploads\/2025\/02\/1730181291253-18x10.jpeg 18w\" sizes=\"(max-width: 1280px) 100vw, 1280px\" \/><\/div><\/a>\n\t\t\t\t<div class=\"elementor-post__text\">\n\t\t\t\t<h3 class=\"elementor-post__title\">\n\t\t\t<a href=\"https:\/\/oliviablanchard.com\/en\/la-batalla-del-copyright-en-tiempos-de-ia\/\" >\n\t\t\t\tLa batalla del Copyright en tiempos de IA\t\t\t<\/a>\n\t\t<\/h3>\n\t\t\t\t<div class=\"elementor-post__excerpt\">\n\t\t\t<p>Recuerdo la primera vez que us\u00e9 ChatGPT. Un amigo me ense\u00f1\u00f3 qu\u00e9 pasaba cuando pon\u00eda un prompt para que el sistema escribiera un correo con<\/p>\n\t\t<\/div>\n\t\t\n\t\t<a class=\"elementor-post__read-more\" href=\"https:\/\/oliviablanchard.com\/en\/la-batalla-del-copyright-en-tiempos-de-ia\/\" aria-label=\"Read more about La batalla del Copyright en tiempos de IA\" tabindex=\"-1\" >\n\t\t\tRead more &#034;\t\t<\/a>\n\n\t\t\t\t<\/div>\n\t\t\t\t<div class=\"elementor-post__meta-data\">\n\t\t\t\t\t<span class=\"elementor-post-date\">\n\t\t\tFebruary 11, 2025\t\t<\/span>\n\t\t\t\t<\/div>\n\t\t\t\t\t<\/div>\n\t\t<\/article>\n\t\t\t\t<article class=\"elementor-post elementor-grid-item post-347 post type-post status-publish format-standard has-post-thumbnail hentry category-uncategorized tag-artificial tag-datos tag-inteligencia tag-metaverso tag-naturaleza tag-sostenibilidad tag-tecnologia\" role=\"listitem\">\n\t\t\t<div class=\"elementor-post__card\">\n\t\t\t\t<a class=\"elementor-post__thumbnail__link\" href=\"https:\/\/oliviablanchard.com\/en\/tecnologia-naturaleza-y-humanidad-reflexiones-a-2-000-metros-de-altura\/\" tabindex=\"-1\" ><div class=\"elementor-post__thumbnail\"><img loading=\"lazy\" decoding=\"async\" width=\"949\" height=\"720\" src=\"https:\/\/oliviablanchard.com\/wp-content\/uploads\/2025\/02\/1728037729818.jpeg\" class=\"attachment-full size-full wp-image-348\" alt=\"\" srcset=\"https:\/\/oliviablanchard.com\/wp-content\/uploads\/2025\/02\/1728037729818.jpeg 949w, https:\/\/oliviablanchard.com\/wp-content\/uploads\/2025\/02\/1728037729818-300x228.jpeg 300w, https:\/\/oliviablanchard.com\/wp-content\/uploads\/2025\/02\/1728037729818-768x583.jpeg 768w, https:\/\/oliviablanchard.com\/wp-content\/uploads\/2025\/02\/1728037729818-16x12.jpeg 16w\" sizes=\"(max-width: 949px) 100vw, 949px\" \/><\/div><\/a>\n\t\t\t\t<div class=\"elementor-post__text\">\n\t\t\t\t<h3 class=\"elementor-post__title\">\n\t\t\t<a href=\"https:\/\/oliviablanchard.com\/en\/tecnologia-naturaleza-y-humanidad-reflexiones-a-2-000-metros-de-altura\/\" >\n\t\t\t\tTecnolog\u00eda, Naturaleza y Humanidad: Reflexiones a 2.000 Metros de Altura\t\t\t<\/a>\n\t\t<\/h3>\n\t\t\t\t<div class=\"elementor-post__excerpt\">\n\t\t\t<p>\ud83d\ude4f Qu\u00e9 privilegio ser testigo de un amanecer a 2.000m de altura, rodeada de un vasto cielo, iluminada por una luna brillante, envuelta en un<\/p>\n\t\t<\/div>\n\t\t\n\t\t<a class=\"elementor-post__read-more\" href=\"https:\/\/oliviablanchard.com\/en\/tecnologia-naturaleza-y-humanidad-reflexiones-a-2-000-metros-de-altura\/\" aria-label=\"Read more about Tecnolog\u00eda, Naturaleza y Humanidad: Reflexiones a 2.000 Metros de Altura\" tabindex=\"-1\" >\n\t\t\tRead more &#034;\t\t<\/a>\n\n\t\t\t\t<\/div>\n\t\t\t\t<div class=\"elementor-post__meta-data\">\n\t\t\t\t\t<span class=\"elementor-post-date\">\n\t\t\tFebruary 11, 2025\t\t<\/span>\n\t\t\t\t<\/div>\n\t\t\t\t\t<\/div>\n\t\t<\/article>\n\t\t\t\t<\/div>\n\t\t\n\t\t\t\t\t\t<\/div>\n\t\t\t\t<\/div>\n\t\t\t\t<\/div>\n\t\t\t\t<\/div>\n\t\t\t\t<\/div>\n\t\t\t\t\t<\/div>\n\t\t\t\t<\/div>\n\t\t\t\t<\/div>","protected":false},"excerpt":{"rendered":"<p>Blog Un lugar para reflexionar sobre el futuro del trabajo, los derechos digitales y los desaf\u00edos que enfrentamos en un mundo cada vez m\u00e1s digitalizado.<\/p>","protected":false},"author":2,"featured_media":0,"parent":0,"menu_order":0,"comment_status":"closed","ping_status":"closed","template":"page-templates\/template-pagebuilder-full-width.php","meta":{"neve_meta_sidebar":"","neve_meta_container":"","neve_meta_enable_content_width":"off","neve_meta_content_width":100,"neve_meta_title_alignment":"","neve_meta_author_avatar":"","neve_post_elements_order":"","neve_meta_disable_header":"","neve_meta_disable_footer":"","neve_meta_disable_title":"","neve_meta_reading_time":"","footnotes":""},"class_list":["post-198","page","type-page","status-publish","hentry"],"yoast_head":"<!-- This site is optimized with the Yoast SEO plugin v27.4 - https:\/\/yoast.com\/product\/yoast-seo-wordpress\/ -->\n<title>Blog de Olivia Blanchard | Reflexiones sobre IA y sociedad<\/title>\n<meta name=\"description\" content=\"Explora art\u00edculos sobre derechos digitales, futuro del trabajo y \u00e9tica tecnol\u00f3gica. \u00a1Lee nuestro blog y participa en el debate!\" \/>\n<meta name=\"robots\" content=\"index, follow, max-snippet:-1, max-image-preview:large, max-video-preview:-1\" \/>\n<link rel=\"canonical\" href=\"https:\/\/oliviablanchard.com\/en\/blog\/\" \/>\n<meta property=\"og:locale\" content=\"en_GB\" \/>\n<meta property=\"og:type\" content=\"article\" \/>\n<meta property=\"og:title\" content=\"Blog de Olivia Blanchard | Reflexiones sobre IA y sociedad\" \/>\n<meta property=\"og:description\" content=\"Explora art\u00edculos sobre derechos digitales, futuro del trabajo y \u00e9tica tecnol\u00f3gica. \u00a1Lee nuestro blog y participa en el debate!\" \/>\n<meta property=\"og:url\" content=\"https:\/\/oliviablanchard.com\/en\/blog\/\" \/>\n<meta property=\"og:site_name\" content=\"Olivia Blanchard | Investigadora y consultora independiente\" \/>\n<meta property=\"article:modified_time\" content=\"2025-06-12T06:40:56+00:00\" \/>\n<meta name=\"twitter:card\" content=\"summary_large_image\" \/>\n<meta name=\"twitter:label1\" content=\"Estimated reading time\" \/>\n\t<meta name=\"twitter:data1\" content=\"1 minute\" \/>\n<script type=\"application\/ld+json\" class=\"yoast-schema-graph\">{\"@context\":\"https:\\\/\\\/schema.org\",\"@graph\":[{\"@type\":\"WebPage\",\"@id\":\"https:\\\/\\\/oliviablanchard.com\\\/blog\\\/\",\"url\":\"https:\\\/\\\/oliviablanchard.com\\\/blog\\\/\",\"name\":\"Blog de Olivia Blanchard | Reflexiones sobre IA y sociedad\",\"isPartOf\":{\"@id\":\"https:\\\/\\\/oliviablanchard.com\\\/#website\"},\"datePublished\":\"2025-02-10T14:30:23+00:00\",\"dateModified\":\"2025-06-12T06:40:56+00:00\",\"description\":\"Explora art\u00edculos sobre derechos digitales, futuro del trabajo y \u00e9tica tecnol\u00f3gica. \u00a1Lee nuestro blog y participa en el debate!\",\"breadcrumb\":{\"@id\":\"https:\\\/\\\/oliviablanchard.com\\\/blog\\\/#breadcrumb\"},\"inLanguage\":\"en-GB\",\"potentialAction\":[{\"@type\":\"ReadAction\",\"target\":[\"https:\\\/\\\/oliviablanchard.com\\\/blog\\\/\"]}]},{\"@type\":\"BreadcrumbList\",\"@id\":\"https:\\\/\\\/oliviablanchard.com\\\/blog\\\/#breadcrumb\",\"itemListElement\":[{\"@type\":\"ListItem\",\"position\":1,\"name\":\"Portada\",\"item\":\"https:\\\/\\\/oliviablanchard.com\\\/\"},{\"@type\":\"ListItem\",\"position\":2,\"name\":\"Blog\"}]},{\"@type\":\"WebSite\",\"@id\":\"https:\\\/\\\/oliviablanchard.com\\\/#website\",\"url\":\"https:\\\/\\\/oliviablanchard.com\\\/\",\"name\":\"Olivia Blanchard | Investigadora y consultora independiente\",\"description\":\"Soy investigadora y consultora independiente especializada en el impacto de las tecnolog&iacute;as digitales y la IA en la sociedad. Trabajo en Barcelona y a nivel internacional, en investigaci&oacute;n, divulgaci&oacute;n, facilitaci&oacute;n y formaci&oacute;n. Antes de ser consultora a tiempo completo, trabaj&eacute; durante cinco a&ntilde;os como investigadora senior en la Fundaci&oacute;n Mobile World Capital en Barcelona, \u200b\u200bdonde dirig&iacute; la investigaci&oacute;n del think tank sobre el futuro del trabajo.\",\"potentialAction\":[{\"@type\":\"SearchAction\",\"target\":{\"@type\":\"EntryPoint\",\"urlTemplate\":\"https:\\\/\\\/oliviablanchard.com\\\/?s={search_term_string}\"},\"query-input\":{\"@type\":\"PropertyValueSpecification\",\"valueRequired\":true,\"valueName\":\"search_term_string\"}}],\"inLanguage\":\"en-GB\"}]}<\/script>\n<!-- \/ Yoast SEO plugin. -->","yoast_head_json":{"title":"Blog de Olivia Blanchard | Reflexiones sobre IA y sociedad","description":"Explora art\u00edculos sobre derechos digitales, futuro del trabajo y \u00e9tica tecnol\u00f3gica. \u00a1Lee nuestro blog y participa en el debate!","robots":{"index":"index","follow":"follow","max-snippet":"max-snippet:-1","max-image-preview":"max-image-preview:large","max-video-preview":"max-video-preview:-1"},"canonical":"https:\/\/oliviablanchard.com\/en\/blog\/","og_locale":"en_GB","og_type":"article","og_title":"Blog de Olivia Blanchard | Reflexiones sobre IA y sociedad","og_description":"Explora art\u00edculos sobre derechos digitales, futuro del trabajo y \u00e9tica tecnol\u00f3gica. \u00a1Lee nuestro blog y participa en el debate!","og_url":"https:\/\/oliviablanchard.com\/en\/blog\/","og_site_name":"Olivia Blanchard | Investigadora y consultora independiente","article_modified_time":"2025-06-12T06:40:56+00:00","twitter_card":"summary_large_image","twitter_misc":{"Estimated reading time":"1 minute"},"schema":{"@context":"https:\/\/schema.org","@graph":[{"@type":"WebPage","@id":"https:\/\/oliviablanchard.com\/blog\/","url":"https:\/\/oliviablanchard.com\/blog\/","name":"Blog de Olivia Blanchard | Reflexiones sobre IA y sociedad","isPartOf":{"@id":"https:\/\/oliviablanchard.com\/#website"},"datePublished":"2025-02-10T14:30:23+00:00","dateModified":"2025-06-12T06:40:56+00:00","description":"Explora art\u00edculos sobre derechos digitales, futuro del trabajo y \u00e9tica tecnol\u00f3gica. \u00a1Lee nuestro blog y participa en el debate!","breadcrumb":{"@id":"https:\/\/oliviablanchard.com\/blog\/#breadcrumb"},"inLanguage":"en-GB","potentialAction":[{"@type":"ReadAction","target":["https:\/\/oliviablanchard.com\/blog\/"]}]},{"@type":"BreadcrumbList","@id":"https:\/\/oliviablanchard.com\/blog\/#breadcrumb","itemListElement":[{"@type":"ListItem","position":1,"name":"Portada","item":"https:\/\/oliviablanchard.com\/"},{"@type":"ListItem","position":2,"name":"Blog"}]},{"@type":"WebSite","@id":"https:\/\/oliviablanchard.com\/#website","url":"https:\/\/oliviablanchard.com\/","name":"Olivia Blanchard | Investigadora y consultora independiente","description":"Soy investigadora y consultora independiente especializada en el impacto de las tecnolog&iacute;as digitales y la IA en la sociedad. Trabajo en Barcelona y a nivel internacional, en investigaci&oacute;n, divulgaci&oacute;n, facilitaci&oacute;n y formaci&oacute;n. Antes de ser consultora a tiempo completo, trabaj&eacute; durante cinco a&ntilde;os como investigadora senior en la Fundaci&oacute;n Mobile World Capital en Barcelona, \u200b\u200bdonde dirig&iacute; la investigaci&oacute;n del think tank sobre el futuro del trabajo.","potentialAction":[{"@type":"SearchAction","target":{"@type":"EntryPoint","urlTemplate":"https:\/\/oliviablanchard.com\/?s={search_term_string}"},"query-input":{"@type":"PropertyValueSpecification","valueRequired":true,"valueName":"search_term_string"}}],"inLanguage":"en-GB"}]}},"_links":{"self":[{"href":"https:\/\/oliviablanchard.com\/en\/wp-json\/wp\/v2\/pages\/198","targetHints":{"allow":["GET"]}}],"collection":[{"href":"https:\/\/oliviablanchard.com\/en\/wp-json\/wp\/v2\/pages"}],"about":[{"href":"https:\/\/oliviablanchard.com\/en\/wp-json\/wp\/v2\/types\/page"}],"author":[{"embeddable":true,"href":"https:\/\/oliviablanchard.com\/en\/wp-json\/wp\/v2\/users\/2"}],"replies":[{"embeddable":true,"href":"https:\/\/oliviablanchard.com\/en\/wp-json\/wp\/v2\/comments?post=198"}],"version-history":[{"count":59,"href":"https:\/\/oliviablanchard.com\/en\/wp-json\/wp\/v2\/pages\/198\/revisions"}],"predecessor-version":[{"id":1831,"href":"https:\/\/oliviablanchard.com\/en\/wp-json\/wp\/v2\/pages\/198\/revisions\/1831"}],"wp:attachment":[{"href":"https:\/\/oliviablanchard.com\/en\/wp-json\/wp\/v2\/media?parent=198"}],"curies":[{"name":"wp","href":"https:\/\/api.w.org\/{rel}","templated":true}]}}