{"id":18,"date":"2025-02-04T09:47:07","date_gmt":"2025-02-04T09:47:07","guid":{"rendered":"https:\/\/oliviablanchard.com\/?page_id=18"},"modified":"2025-04-09T09:05:25","modified_gmt":"2025-04-09T09:05:25","slug":"aviso-legal","status":"publish","type":"page","link":"https:\/\/oliviablanchard.com\/en\/aviso-legal\/","title":{"rendered":"Legal Notice"},"content":{"rendered":"<p>In compliance with the provisions of Law 34\/2002, of 11 July, on Services of the Information Society and Electronic Commerce (LSSI-CE), we inform you of the following legal aspects of this website:<\/p>\r\n<h4 class=\"wp-block-heading\">Ownership of Website<\/h4>\r\n<ul>\r\n<li><strong>Social reason<\/strong>: Olivia Blanchard Wrigglesworth<\/li>\r\n<li><strong>Email address<\/strong>: olivia@oliviablanchard.com<\/li>\r\n<\/ul>\r\n<h4>Terms of use<\/h4>\r\n<p>Access to and use of the website of Olivia Blanchard Wrigglesworth attributes the condition of user and implies the full and unreserved acceptance of each and every one of the provisions included in this Legal Notice in the version published by Olivia Blanchard Wrigglesworth at the same moment that the user accesses the website.<\/p>\r\n<h4>Intellectual and Industrial property<\/h4>\r\n<p>All contents on the website, which is understood, but not limited to, text, photographs, graphics, images, icons, technology, software, and other audiovisual or sound content, as well as its graphic design and source codes are the intellectual property of Olivia Blanchard Wrigglesworth, without being transferred to the user none of the exploitation rights over them beyond what is strictly necessary for the correct use of the website.<\/p>\r\n<h4>Data protection<\/h4>\r\n<p>Olivia Blanchard Wrigglesworth complies with the current regulations on data protection, and ensures the correct management of the personal data that may be collected through the contact forms on the website, in accordance with the provisions of Regulation (EU) 2016\/679 (General Regulation on Data Protection).<\/p>\r\n<h4>Liability for Contents<\/h4>\r\n<p>Olivia Blanchard Wrigglesworth. is not responsible for the legality of other third party websites from which you accessed this website. Not be liable for the legality of other third party websites that may be linked to or linked from this web site.<\/p>\r\n<h4>Applicable legislation and Jurisdiction<\/h4>\r\n<p>The relationship between Olivia Blanchard Wrigglesworth and the user shall be governed by current Spanish regulations and any controversy will be submitted to the Courts and Tribunals of the city of Barcelona, unless the applicable law provides otherwise.<\/p>\r\n<hr \/>\r\n<p>For more information or any doubt about this Legal Notice, please contact us via e-mail: olivia@oliviablanchard.com<\/p>","protected":false},"excerpt":{"rendered":"<p>En cumplimiento con lo dispuesto en la Ley 34\/2002, de 11 de julio, de Servicios de la Sociedad de la Informaci\u00f3n y de Comercio Electr\u00f3nico (LSSI-CE), se informa de los siguientes aspectos legales de este sitio web: Titularidad del Sitio Web Raz\u00f3n social: Olivia Blanchard Wrigglesworth Correo electr\u00f3nico: olivia@oliviablanchard.com Condiciones de uso El acceso y&hellip;&nbsp;<\/p>","protected":false},"author":1,"featured_media":0,"parent":0,"menu_order":0,"comment_status":"closed","ping_status":"closed","template":"","meta":{"neve_meta_sidebar":"","neve_meta_container":"","neve_meta_enable_content_width":"off","neve_meta_content_width":100,"neve_meta_title_alignment":"","neve_meta_author_avatar":"","neve_post_elements_order":"","neve_meta_disable_header":"","neve_meta_disable_footer":"","neve_meta_disable_title":"","neve_meta_reading_time":"","footnotes":""},"class_list":["post-18","page","type-page","status-publish","hentry"],"yoast_head":"<!-- This site is optimized with the Yoast SEO plugin v27.4 - https:\/\/yoast.com\/product\/yoast-seo-wordpress\/ -->\n<title>Aviso Legal - Olivia Blanchard | Investigadora y consultora independiente<\/title>\n<meta name=\"robots\" content=\"index, follow, max-snippet:-1, max-image-preview:large, max-video-preview:-1\" \/>\n<link rel=\"canonical\" href=\"https:\/\/oliviablanchard.com\/en\/aviso-legal\/\" \/>\n<meta property=\"og:locale\" content=\"en_GB\" \/>\n<meta property=\"og:type\" content=\"article\" \/>\n<meta property=\"og:title\" content=\"Aviso Legal - Olivia Blanchard | Investigadora y consultora independiente\" \/>\n<meta property=\"og:description\" content=\"En cumplimiento con lo dispuesto en la Ley 34\/2002, de 11 de julio, de Servicios de la Sociedad de la Informaci\u00f3n y de Comercio Electr\u00f3nico (LSSI-CE), se informa de los siguientes aspectos legales de este sitio web: Titularidad del Sitio Web Raz\u00f3n social: Olivia Blanchard Wrigglesworth Correo electr\u00f3nico: olivia@oliviablanchard.com Condiciones de uso El acceso y&hellip;&nbsp;\" \/>\n<meta property=\"og:url\" content=\"https:\/\/oliviablanchard.com\/en\/aviso-legal\/\" \/>\n<meta property=\"og:site_name\" content=\"Olivia Blanchard | Investigadora y consultora independiente\" \/>\n<meta property=\"article:modified_time\" content=\"2025-04-09T09:05:25+00:00\" \/>\n<meta name=\"twitter:card\" content=\"summary_large_image\" \/>\n<meta name=\"twitter:label1\" content=\"Estimated reading time\" \/>\n\t<meta name=\"twitter:data1\" content=\"2 minutes\" \/>\n<script type=\"application\/ld+json\" class=\"yoast-schema-graph\">{\"@context\":\"https:\\\/\\\/schema.org\",\"@graph\":[{\"@type\":\"WebPage\",\"@id\":\"https:\\\/\\\/oliviablanchard.com\\\/aviso-legal\\\/\",\"url\":\"https:\\\/\\\/oliviablanchard.com\\\/aviso-legal\\\/\",\"name\":\"Aviso Legal - Olivia Blanchard | Investigadora y consultora independiente\",\"isPartOf\":{\"@id\":\"https:\\\/\\\/oliviablanchard.com\\\/#website\"},\"datePublished\":\"2025-02-04T09:47:07+00:00\",\"dateModified\":\"2025-04-09T09:05:25+00:00\",\"breadcrumb\":{\"@id\":\"https:\\\/\\\/oliviablanchard.com\\\/aviso-legal\\\/#breadcrumb\"},\"inLanguage\":\"en-GB\",\"potentialAction\":[{\"@type\":\"ReadAction\",\"target\":[\"https:\\\/\\\/oliviablanchard.com\\\/aviso-legal\\\/\"]}]},{\"@type\":\"BreadcrumbList\",\"@id\":\"https:\\\/\\\/oliviablanchard.com\\\/aviso-legal\\\/#breadcrumb\",\"itemListElement\":[{\"@type\":\"ListItem\",\"position\":1,\"name\":\"Portada\",\"item\":\"https:\\\/\\\/oliviablanchard.com\\\/\"},{\"@type\":\"ListItem\",\"position\":2,\"name\":\"Aviso Legal\"}]},{\"@type\":\"WebSite\",\"@id\":\"https:\\\/\\\/oliviablanchard.com\\\/#website\",\"url\":\"https:\\\/\\\/oliviablanchard.com\\\/\",\"name\":\"Olivia Blanchard | Investigadora y consultora independiente\",\"description\":\"Soy investigadora y consultora independiente especializada en el impacto de las tecnolog&iacute;as digitales y la IA en la sociedad. Trabajo en Barcelona y a nivel internacional, en investigaci&oacute;n, divulgaci&oacute;n, facilitaci&oacute;n y formaci&oacute;n. Antes de ser consultora a tiempo completo, trabaj&eacute; durante cinco a&ntilde;os como investigadora senior en la Fundaci&oacute;n Mobile World Capital en Barcelona, \u200b\u200bdonde dirig&iacute; la investigaci&oacute;n del think tank sobre el futuro del trabajo.\",\"potentialAction\":[{\"@type\":\"SearchAction\",\"target\":{\"@type\":\"EntryPoint\",\"urlTemplate\":\"https:\\\/\\\/oliviablanchard.com\\\/?s={search_term_string}\"},\"query-input\":{\"@type\":\"PropertyValueSpecification\",\"valueRequired\":true,\"valueName\":\"search_term_string\"}}],\"inLanguage\":\"en-GB\"}]}<\/script>\n<!-- \/ Yoast SEO plugin. -->","yoast_head_json":{"title":"Aviso Legal - Olivia Blanchard | Investigadora y consultora independiente","robots":{"index":"index","follow":"follow","max-snippet":"max-snippet:-1","max-image-preview":"max-image-preview:large","max-video-preview":"max-video-preview:-1"},"canonical":"https:\/\/oliviablanchard.com\/en\/aviso-legal\/","og_locale":"en_GB","og_type":"article","og_title":"Aviso Legal - Olivia Blanchard | Investigadora y consultora independiente","og_description":"En cumplimiento con lo dispuesto en la Ley 34\/2002, de 11 de julio, de Servicios de la Sociedad de la Informaci\u00f3n y de Comercio Electr\u00f3nico (LSSI-CE), se informa de los siguientes aspectos legales de este sitio web: Titularidad del Sitio Web Raz\u00f3n social: Olivia Blanchard Wrigglesworth Correo electr\u00f3nico: olivia@oliviablanchard.com Condiciones de uso El acceso y&hellip;&nbsp;","og_url":"https:\/\/oliviablanchard.com\/en\/aviso-legal\/","og_site_name":"Olivia Blanchard | Investigadora y consultora independiente","article_modified_time":"2025-04-09T09:05:25+00:00","twitter_card":"summary_large_image","twitter_misc":{"Estimated reading time":"2 minutes"},"schema":{"@context":"https:\/\/schema.org","@graph":[{"@type":"WebPage","@id":"https:\/\/oliviablanchard.com\/aviso-legal\/","url":"https:\/\/oliviablanchard.com\/aviso-legal\/","name":"Aviso Legal - Olivia Blanchard | Investigadora y consultora independiente","isPartOf":{"@id":"https:\/\/oliviablanchard.com\/#website"},"datePublished":"2025-02-04T09:47:07+00:00","dateModified":"2025-04-09T09:05:25+00:00","breadcrumb":{"@id":"https:\/\/oliviablanchard.com\/aviso-legal\/#breadcrumb"},"inLanguage":"en-GB","potentialAction":[{"@type":"ReadAction","target":["https:\/\/oliviablanchard.com\/aviso-legal\/"]}]},{"@type":"BreadcrumbList","@id":"https:\/\/oliviablanchard.com\/aviso-legal\/#breadcrumb","itemListElement":[{"@type":"ListItem","position":1,"name":"Portada","item":"https:\/\/oliviablanchard.com\/"},{"@type":"ListItem","position":2,"name":"Aviso Legal"}]},{"@type":"WebSite","@id":"https:\/\/oliviablanchard.com\/#website","url":"https:\/\/oliviablanchard.com\/","name":"Olivia Blanchard | Investigadora y consultora independiente","description":"Soy investigadora y consultora independiente especializada en el impacto de las tecnolog&iacute;as digitales y la IA en la sociedad. Trabajo en Barcelona y a nivel internacional, en investigaci&oacute;n, divulgaci&oacute;n, facilitaci&oacute;n y formaci&oacute;n. Antes de ser consultora a tiempo completo, trabaj&eacute; durante cinco a&ntilde;os como investigadora senior en la Fundaci&oacute;n Mobile World Capital en Barcelona, \u200b\u200bdonde dirig&iacute; la investigaci&oacute;n del think tank sobre el futuro del trabajo.","potentialAction":[{"@type":"SearchAction","target":{"@type":"EntryPoint","urlTemplate":"https:\/\/oliviablanchard.com\/?s={search_term_string}"},"query-input":{"@type":"PropertyValueSpecification","valueRequired":true,"valueName":"search_term_string"}}],"inLanguage":"en-GB"}]}},"_links":{"self":[{"href":"https:\/\/oliviablanchard.com\/en\/wp-json\/wp\/v2\/pages\/18","targetHints":{"allow":["GET"]}}],"collection":[{"href":"https:\/\/oliviablanchard.com\/en\/wp-json\/wp\/v2\/pages"}],"about":[{"href":"https:\/\/oliviablanchard.com\/en\/wp-json\/wp\/v2\/types\/page"}],"author":[{"embeddable":true,"href":"https:\/\/oliviablanchard.com\/en\/wp-json\/wp\/v2\/users\/1"}],"replies":[{"embeddable":true,"href":"https:\/\/oliviablanchard.com\/en\/wp-json\/wp\/v2\/comments?post=18"}],"version-history":[{"count":5,"href":"https:\/\/oliviablanchard.com\/en\/wp-json\/wp\/v2\/pages\/18\/revisions"}],"predecessor-version":[{"id":1615,"href":"https:\/\/oliviablanchard.com\/en\/wp-json\/wp\/v2\/pages\/18\/revisions\/1615"}],"wp:attachment":[{"href":"https:\/\/oliviablanchard.com\/en\/wp-json\/wp\/v2\/media?parent=18"}],"curies":[{"name":"wp","href":"https:\/\/api.w.org\/{rel}","templated":true}]}}