{"id":172,"date":"2025-02-10T13:42:22","date_gmt":"2025-02-10T13:42:22","guid":{"rendered":"https:\/\/oliviablanchard.com\/?page_id=172"},"modified":"2025-06-12T06:40:18","modified_gmt":"2025-06-12T06:40:18","slug":"contacto","status":"publish","type":"page","link":"https:\/\/oliviablanchard.com\/en\/contacto\/","title":{"rendered":"Contact"},"content":{"rendered":"\t\t<div data-elementor-type=\"wp-page\" data-elementor-id=\"172\" class=\"elementor elementor-172\" data-elementor-post-type=\"page\">\n\t\t\t\t<div data-particle_enable=\"false\" data-particle-mobile-disabled=\"false\" class=\"elementor-element elementor-element-9b7ff8c elementor-hidden-tablet elementor-hidden-mobile e-flex e-con-boxed e-con e-parent\" data-id=\"9b7ff8c\" data-element_type=\"container\" data-e-type=\"container\" data-settings=\"{&quot;background_background&quot;:&quot;classic&quot;}\">\n\t\t\t\t\t<div class=\"e-con-inner\">\n\t\t<div data-particle_enable=\"false\" data-particle-mobile-disabled=\"false\" class=\"elementor-element elementor-element-bce890f e-con-full e-flex e-con e-child\" data-id=\"bce890f\" data-element_type=\"container\" data-e-type=\"container\">\n\t\t<div data-particle_enable=\"false\" data-particle-mobile-disabled=\"false\" class=\"elementor-element elementor-element-35bbf62 e-con-full e-flex e-con e-child\" data-id=\"35bbf62\" data-element_type=\"container\" data-e-type=\"container\">\n\t\t<div data-particle_enable=\"false\" data-particle-mobile-disabled=\"false\" class=\"elementor-element elementor-element-cf577c8 e-con-full e-flex e-con e-child\" data-id=\"cf577c8\" data-element_type=\"container\" data-e-type=\"container\">\n\t\t\t\t<div class=\"elementor-element elementor-element-fd1ff00 elementor-widget elementor-widget-heading\" data-id=\"fd1ff00\" data-element_type=\"widget\" data-e-type=\"widget\" data-widget_type=\"heading.default\">\n\t\t\t\t<div class=\"elementor-widget-container\">\n\t\t\t\t\t<h2 class=\"elementor-heading-title elementor-size-default\">Contacto<\/h2>\t\t\t\t<\/div>\n\t\t\t\t<\/div>\n\t\t\t\t<\/div>\n\t\t\t\t<div class=\"elementor-element elementor-element-995c37c elementor-widget__width-inherit elementor-widget elementor-widget-text-editor\" data-id=\"995c37c\" data-element_type=\"widget\" data-e-type=\"widget\" data-widget_type=\"text-editor.default\">\n\t\t\t\t<div class=\"elementor-widget-container\">\n\t\t\t\t\t\t\t\t\t<p>Si quieres saber m\u00e1s sobre los servicios que ofrezco, contacta a trav\u00e9s del formulario o env\u00edame un correo y estar\u00e9 encantada de explorar contigo tus necesidades y c\u00f3mo te puedo ayudar.<\/p>\t\t\t\t\t\t\t\t<\/div>\n\t\t\t\t<\/div>\n\t\t\t\t<div class=\"elementor-element elementor-element-ccbcc7b elementor-align-start elementor-icon-list--layout-traditional elementor-list-item-link-full_width elementor-widget elementor-widget-icon-list\" data-id=\"ccbcc7b\" data-element_type=\"widget\" data-e-type=\"widget\" data-widget_type=\"icon-list.default\">\n\t\t\t\t<div class=\"elementor-widget-container\">\n\t\t\t\t\t\t\t<ul class=\"elementor-icon-list-items\">\n\t\t\t\t\t\t\t<li class=\"elementor-icon-list-item\">\n\t\t\t\t\t\t\t\t\t\t\t<a href=\"mailto:olivia@oliviablanchard.com\">\n\n\t\t\t\t\t\t\t\t\t\t\t\t<span class=\"elementor-icon-list-icon\">\n\t\t\t\t\t\t\t<i aria-hidden=\"true\" class=\"icon icon-email1\"><\/i>\t\t\t\t\t\t<\/span>\n\t\t\t\t\t\t\t\t\t\t<span class=\"elementor-icon-list-text\">olivia@oliviablanchard.com<\/span>\n\t\t\t\t\t\t\t\t\t\t\t<\/a>\n\t\t\t\t\t\t\t\t\t<\/li>\n\t\t\t\t\t\t<\/ul>\n\t\t\t\t\t\t<\/div>\n\t\t\t\t<\/div>\n\t\t\t\t<div class=\"elementor-element elementor-element-138bb59 elementor-button-align-stretch elementor-widget elementor-widget-form\" data-id=\"138bb59\" data-element_type=\"widget\" data-e-type=\"widget\" data-settings=\"{&quot;step_next_label&quot;:&quot;Siguiente&quot;,&quot;step_previous_label&quot;:&quot;Anterior&quot;,&quot;button_width&quot;:&quot;100&quot;,&quot;step_type&quot;:&quot;number_text&quot;,&quot;step_icon_shape&quot;:&quot;circle&quot;}\" data-widget_type=\"form.default\">\n\t\t\t\t<div class=\"elementor-widget-container\">\n\t\t\t\t\t\t\t<form class=\"elementor-form\" method=\"post\" name=\"Nuevo formulario\" aria-label=\"Nuevo formulario\">\n\t\t\t<input type=\"hidden\" name=\"post_id\" value=\"172\"\/>\n\t\t\t<input type=\"hidden\" name=\"form_id\" value=\"138bb59\"\/>\n\t\t\t<input type=\"hidden\" name=\"referer_title\" value=\"Contacto con Olivia Blanchard | Investigadora y Consultora en IA\" \/>\n\n\t\t\t\t\t\t\t<input type=\"hidden\" name=\"queried_id\" value=\"172\"\/>\n\t\t\t\n\t\t\t<div class=\"elementor-form-fields-wrapper elementor-labels-\">\n\t\t\t\t\t\t\t\t<div class=\"elementor-field-type-text elementor-field-group elementor-column elementor-field-group-name elementor-col-100\">\n\t\t\t\t\t\t\t\t\t\t\t\t<label for=\"form-field-name\" class=\"elementor-field-label elementor-screen-only\">\n\t\t\t\t\t\t\t\tNombre\t\t\t\t\t\t\t<\/label>\n\t\t\t\t\t\t\t\t\t\t\t\t\t\t<input size=\"1\" type=\"text\" name=\"form_fields[name]\" id=\"form-field-name\" class=\"elementor-field elementor-size-sm  elementor-field-textual\" placeholder=\"Nombre\">\n\t\t\t\t\t\t\t\t\t\t\t<\/div>\n\t\t\t\t\t\t\t\t<div class=\"elementor-field-type-email elementor-field-group elementor-column elementor-field-group-email elementor-col-100 elementor-field-required\">\n\t\t\t\t\t\t\t\t\t\t\t\t<label for=\"form-field-email\" class=\"elementor-field-label elementor-screen-only\">\n\t\t\t\t\t\t\t\tCorreo electr\u00f3nico\t\t\t\t\t\t\t<\/label>\n\t\t\t\t\t\t\t\t\t\t\t\t\t\t<input size=\"1\" type=\"email\" name=\"form_fields[email]\" id=\"form-field-email\" class=\"elementor-field elementor-size-sm  elementor-field-textual\" placeholder=\"Correo electr\u00f3nico\" required=\"required\">\n\t\t\t\t\t\t\t\t\t\t\t<\/div>\n\t\t\t\t\t\t\t\t<div class=\"elementor-field-type-textarea elementor-field-group elementor-column elementor-field-group-message elementor-col-100\">\n\t\t\t\t\t\t\t\t\t\t\t\t<label for=\"form-field-message\" class=\"elementor-field-label elementor-screen-only\">\n\t\t\t\t\t\t\t\tMensaje\t\t\t\t\t\t\t<\/label>\n\t\t\t\t\t\t<textarea class=\"elementor-field-textual elementor-field  elementor-size-sm\" name=\"form_fields[message]\" id=\"form-field-message\" rows=\"4\" placeholder=\"Mensaje (opcional)\"><\/textarea>\t\t\t\t<\/div>\n\t\t\t\t\t\t\t\t<div class=\"elementor-field-type-acceptance elementor-field-group elementor-column elementor-field-group-field_5f93635 elementor-col-100 elementor-field-required\">\n\t\t\t\t\t\t\t<div class=\"elementor-field-subgroup\">\n\t\t\t<span class=\"elementor-field-option\">\n\t\t\t\t<input type=\"checkbox\" name=\"form_fields[field_5f93635]\" id=\"form-field-field_5f93635\" class=\"elementor-field elementor-size-sm  elementor-acceptance-field\" required=\"required\">\n\t\t\t\t<label for=\"form-field-field_5f93635\">He le\u00eddo y acepto la pol\u00edtica de privacidad.<\/label>\t\t\t<\/span>\n\t\t<\/div>\n\t\t\t\t\t\t<\/div>\n\t\t\t\t\t\t\t\t<div class=\"elementor-field-group elementor-column elementor-field-type-submit elementor-col-100 e-form__buttons\">\n\t\t\t\t\t<button class=\"elementor-button elementor-size-sm\" type=\"submit\">\n\t\t\t\t\t\t<span class=\"elementor-button-content-wrapper\">\n\t\t\t\t\t\t\t\t\t\t\t\t\t\t\t\t\t\t\t\t\t\t<span class=\"elementor-button-text\">Enviar<\/span>\n\t\t\t\t\t\t\t\t\t\t\t\t\t<\/span>\n\t\t\t\t\t<\/button>\n\t\t\t\t<\/div>\n\t\t\t<\/div>\n\t\t<\/form>\n\t\t\t\t\t\t<\/div>\n\t\t\t\t<\/div>\n\t\t\t\t<\/div>\n\t\t<div data-particle_enable=\"false\" data-particle-mobile-disabled=\"false\" class=\"elementor-element elementor-element-fc39977 e-con-full e-flex e-con e-child\" data-id=\"fc39977\" data-element_type=\"container\" data-e-type=\"container\" data-settings=\"{&quot;background_background&quot;:&quot;classic&quot;}\">\n\t\t\t\t<div class=\"elementor-element elementor-element-989eee9 elementor-widget elementor-widget-spacer\" data-id=\"989eee9\" data-element_type=\"widget\" data-e-type=\"widget\" data-widget_type=\"spacer.default\">\n\t\t\t\t<div class=\"elementor-widget-container\">\n\t\t\t\t\t\t\t<div class=\"elementor-spacer\">\n\t\t\t<div class=\"elementor-spacer-inner\"><\/div>\n\t\t<\/div>\n\t\t\t\t\t\t<\/div>\n\t\t\t\t<\/div>\n\t\t\t\t<\/div>\n\t\t\t\t<\/div>\n\t\t\t\t\t<\/div>\n\t\t\t\t<\/div>\n\t\t<div data-particle_enable=\"false\" data-particle-mobile-disabled=\"false\" class=\"elementor-element elementor-element-8206140 elementor-hidden-desktop e-flex e-con-boxed e-con e-parent\" data-id=\"8206140\" data-element_type=\"container\" data-e-type=\"container\" data-settings=\"{&quot;background_background&quot;:&quot;classic&quot;}\">\n\t\t\t\t\t<div class=\"e-con-inner\">\n\t\t<div data-particle_enable=\"false\" data-particle-mobile-disabled=\"false\" class=\"elementor-element elementor-element-7741530 e-con-full e-flex e-con e-child\" data-id=\"7741530\" data-element_type=\"container\" data-e-type=\"container\">\n\t\t<div data-particle_enable=\"false\" data-particle-mobile-disabled=\"false\" class=\"elementor-element elementor-element-80f798e e-con-full e-flex e-con e-child\" data-id=\"80f798e\" data-element_type=\"container\" data-e-type=\"container\">\n\t\t<div data-particle_enable=\"false\" data-particle-mobile-disabled=\"false\" class=\"elementor-element elementor-element-faea581 e-con-full e-flex e-con e-child\" data-id=\"faea581\" data-element_type=\"container\" data-e-type=\"container\">\n\t\t\t\t<div class=\"elementor-element elementor-element-81fb0bf elementor-widget elementor-widget-heading\" data-id=\"81fb0bf\" data-element_type=\"widget\" data-e-type=\"widget\" data-widget_type=\"heading.default\">\n\t\t\t\t<div class=\"elementor-widget-container\">\n\t\t\t\t\t<h2 class=\"elementor-heading-title elementor-size-default\">Contacto<\/h2>\t\t\t\t<\/div>\n\t\t\t\t<\/div>\n\t\t\t\t<\/div>\n\t\t\t\t<div class=\"elementor-element elementor-element-b7affb6 elementor-widget elementor-widget-image\" data-id=\"b7affb6\" data-element_type=\"widget\" data-e-type=\"widget\" data-widget_type=\"image.default\">\n\t\t\t\t<div class=\"elementor-widget-container\">\n\t\t\t\t\t\t\t\t\t\t\t\t\t\t\t<img fetchpriority=\"high\" decoding=\"async\" width=\"1024\" height=\"768\" src=\"https:\/\/oliviablanchard.com\/wp-content\/uploads\/2025\/04\/IMG_3186-edit-1024x768.jpg\" class=\"attachment-large size-large wp-image-1596\" alt=\"\" srcset=\"https:\/\/oliviablanchard.com\/wp-content\/uploads\/2025\/04\/IMG_3186-edit-1024x768.jpg 1024w, https:\/\/oliviablanchard.com\/wp-content\/uploads\/2025\/04\/IMG_3186-edit-300x225.jpg 300w, https:\/\/oliviablanchard.com\/wp-content\/uploads\/2025\/04\/IMG_3186-edit-768x576.jpg 768w, https:\/\/oliviablanchard.com\/wp-content\/uploads\/2025\/04\/IMG_3186-edit-1536x1152.jpg 1536w, https:\/\/oliviablanchard.com\/wp-content\/uploads\/2025\/04\/IMG_3186-edit-2048x1536.jpg 2048w, https:\/\/oliviablanchard.com\/wp-content\/uploads\/2025\/04\/IMG_3186-edit-16x12.jpg 16w\" sizes=\"(max-width: 1024px) 100vw, 1024px\" \/>\t\t\t\t\t\t\t\t\t\t\t\t\t\t\t<\/div>\n\t\t\t\t<\/div>\n\t\t\t\t<div class=\"elementor-element elementor-element-4963406 elementor-widget__width-inherit elementor-widget elementor-widget-text-editor\" data-id=\"4963406\" data-element_type=\"widget\" data-e-type=\"widget\" data-widget_type=\"text-editor.default\">\n\t\t\t\t<div class=\"elementor-widget-container\">\n\t\t\t\t\t\t\t\t\t<p>Si quieres saber m\u00e1s sobre los servicios que ofrezco, contacta a trav\u00e9s del formulario o env\u00edame un correo y estar\u00e9 encantada de explorar contigo tus necesidades y c\u00f3mo te puedo ayudar.<\/p>\t\t\t\t\t\t\t\t<\/div>\n\t\t\t\t<\/div>\n\t\t\t\t<div class=\"elementor-element elementor-element-8f31ac8 elementor-align-center elementor-icon-list--layout-traditional elementor-list-item-link-full_width elementor-widget elementor-widget-icon-list\" data-id=\"8f31ac8\" data-element_type=\"widget\" data-e-type=\"widget\" data-widget_type=\"icon-list.default\">\n\t\t\t\t<div class=\"elementor-widget-container\">\n\t\t\t\t\t\t\t<ul class=\"elementor-icon-list-items\">\n\t\t\t\t\t\t\t<li class=\"elementor-icon-list-item\">\n\t\t\t\t\t\t\t\t\t\t\t<a href=\"mailto:olivia@oliviablanchard.com\">\n\n\t\t\t\t\t\t\t\t\t\t\t\t<span class=\"elementor-icon-list-icon\">\n\t\t\t\t\t\t\t<i aria-hidden=\"true\" class=\"icon icon-email1\"><\/i>\t\t\t\t\t\t<\/span>\n\t\t\t\t\t\t\t\t\t\t<span class=\"elementor-icon-list-text\">olivia@oliviablanchard.com<\/span>\n\t\t\t\t\t\t\t\t\t\t\t<\/a>\n\t\t\t\t\t\t\t\t\t<\/li>\n\t\t\t\t\t\t<\/ul>\n\t\t\t\t\t\t<\/div>\n\t\t\t\t<\/div>\n\t\t\t\t<div class=\"elementor-element elementor-element-6817ef5 elementor-button-align-stretch elementor-widget elementor-widget-form\" data-id=\"6817ef5\" data-element_type=\"widget\" data-e-type=\"widget\" data-settings=\"{&quot;step_next_label&quot;:&quot;Siguiente&quot;,&quot;step_previous_label&quot;:&quot;Anterior&quot;,&quot;button_width&quot;:&quot;100&quot;,&quot;step_type&quot;:&quot;number_text&quot;,&quot;step_icon_shape&quot;:&quot;circle&quot;}\" data-widget_type=\"form.default\">\n\t\t\t\t<div class=\"elementor-widget-container\">\n\t\t\t\t\t\t\t<form class=\"elementor-form\" method=\"post\" name=\"Nuevo formulario\" aria-label=\"Nuevo formulario\">\n\t\t\t<input type=\"hidden\" name=\"post_id\" value=\"172\"\/>\n\t\t\t<input type=\"hidden\" name=\"form_id\" value=\"6817ef5\"\/>\n\t\t\t<input type=\"hidden\" name=\"referer_title\" value=\"Contacto con Olivia Blanchard | Investigadora y Consultora en IA\" \/>\n\n\t\t\t\t\t\t\t<input type=\"hidden\" name=\"queried_id\" value=\"172\"\/>\n\t\t\t\n\t\t\t<div class=\"elementor-form-fields-wrapper elementor-labels-\">\n\t\t\t\t\t\t\t\t<div class=\"elementor-field-type-text elementor-field-group elementor-column elementor-field-group-name elementor-col-100\">\n\t\t\t\t\t\t\t\t\t\t\t\t<label for=\"form-field-name\" class=\"elementor-field-label elementor-screen-only\">\n\t\t\t\t\t\t\t\tNombre\t\t\t\t\t\t\t<\/label>\n\t\t\t\t\t\t\t\t\t\t\t\t\t\t<input size=\"1\" type=\"text\" name=\"form_fields[name]\" id=\"form-field-name\" class=\"elementor-field elementor-size-sm  elementor-field-textual\" placeholder=\"Nombre\">\n\t\t\t\t\t\t\t\t\t\t\t<\/div>\n\t\t\t\t\t\t\t\t<div class=\"elementor-field-type-email elementor-field-group elementor-column elementor-field-group-email elementor-col-100 elementor-field-required\">\n\t\t\t\t\t\t\t\t\t\t\t\t<label for=\"form-field-email\" class=\"elementor-field-label elementor-screen-only\">\n\t\t\t\t\t\t\t\tCorreo electr\u00f3nico\t\t\t\t\t\t\t<\/label>\n\t\t\t\t\t\t\t\t\t\t\t\t\t\t<input size=\"1\" type=\"email\" name=\"form_fields[email]\" id=\"form-field-email\" class=\"elementor-field elementor-size-sm  elementor-field-textual\" placeholder=\"Correo electr\u00f3nico\" required=\"required\">\n\t\t\t\t\t\t\t\t\t\t\t<\/div>\n\t\t\t\t\t\t\t\t<div class=\"elementor-field-type-textarea elementor-field-group elementor-column elementor-field-group-message elementor-col-100\">\n\t\t\t\t\t\t\t\t\t\t\t\t<label for=\"form-field-message\" class=\"elementor-field-label elementor-screen-only\">\n\t\t\t\t\t\t\t\tMensaje\t\t\t\t\t\t\t<\/label>\n\t\t\t\t\t\t<textarea class=\"elementor-field-textual elementor-field  elementor-size-sm\" name=\"form_fields[message]\" id=\"form-field-message\" rows=\"4\" placeholder=\"Mensaje (opcional)\"><\/textarea>\t\t\t\t<\/div>\n\t\t\t\t\t\t\t\t<div class=\"elementor-field-type-acceptance elementor-field-group elementor-column elementor-field-group-field_5f93635 elementor-col-100 elementor-field-required\">\n\t\t\t\t\t\t\t<div class=\"elementor-field-subgroup\">\n\t\t\t<span class=\"elementor-field-option\">\n\t\t\t\t<input type=\"checkbox\" name=\"form_fields[field_5f93635]\" id=\"form-field-field_5f93635\" class=\"elementor-field elementor-size-sm  elementor-acceptance-field\" required=\"required\">\n\t\t\t\t<label for=\"form-field-field_5f93635\">He le\u00eddo y acepto la pol\u00edtica de privacidad.<\/label>\t\t\t<\/span>\n\t\t<\/div>\n\t\t\t\t\t\t<\/div>\n\t\t\t\t\t\t\t\t<div class=\"elementor-field-group elementor-column elementor-field-type-submit elementor-col-100 e-form__buttons\">\n\t\t\t\t\t<button class=\"elementor-button elementor-size-sm\" type=\"submit\">\n\t\t\t\t\t\t<span class=\"elementor-button-content-wrapper\">\n\t\t\t\t\t\t\t\t\t\t\t\t\t\t\t\t\t\t\t\t\t\t<span class=\"elementor-button-text\">Enviar<\/span>\n\t\t\t\t\t\t\t\t\t\t\t\t\t<\/span>\n\t\t\t\t\t<\/button>\n\t\t\t\t<\/div>\n\t\t\t<\/div>\n\t\t<\/form>\n\t\t\t\t\t\t<\/div>\n\t\t\t\t<\/div>\n\t\t\t\t<\/div>\n\t\t\t\t<\/div>\n\t\t\t\t\t<\/div>\n\t\t\t\t<\/div>\n\t\t\t\t<\/div>\n\t\t","protected":false},"excerpt":{"rendered":"<p>Contacto Si quieres saber m\u00e1s sobre los servicios que ofrezco, contacta a trav\u00e9s del formulario o env\u00edame un correo y estar\u00e9 encantada de explorar contigo tus necesidades y c\u00f3mo te puedo ayudar. olivia@oliviablanchard.com Contacto Si quieres saber m\u00e1s sobre los servicios que ofrezco, contacta a trav\u00e9s del formulario o env\u00edame un correo y estar\u00e9 encantada&hellip;&nbsp;<\/p>","protected":false},"author":2,"featured_media":0,"parent":0,"menu_order":0,"comment_status":"closed","ping_status":"closed","template":"page-templates\/template-pagebuilder-full-width.php","meta":{"neve_meta_sidebar":"","neve_meta_container":"","neve_meta_enable_content_width":"off","neve_meta_content_width":100,"neve_meta_title_alignment":"","neve_meta_author_avatar":"","neve_post_elements_order":"","neve_meta_disable_header":"","neve_meta_disable_footer":"","neve_meta_disable_title":"","neve_meta_reading_time":"","footnotes":""},"class_list":["post-172","page","type-page","status-publish","hentry"],"yoast_head":"<!-- This site is optimized with the Yoast SEO plugin v27.4 - https:\/\/yoast.com\/product\/yoast-seo-wordpress\/ -->\n<title>Contacto con Olivia Blanchard | Investigadora y Consultora en IA<\/title>\n<meta name=\"description\" content=\"\u00bfInteresado en conocer m\u00e1s sobre mis servicios de consultor\u00eda en IA, g\u00e9nero y futuro del trabajo? \u00a1Cont\u00e1ctame hoy mismo y exploremos juntos!\" \/>\n<meta name=\"robots\" content=\"index, follow, max-snippet:-1, max-image-preview:large, max-video-preview:-1\" \/>\n<link rel=\"canonical\" href=\"https:\/\/oliviablanchard.com\/en\/contacto\/\" \/>\n<meta property=\"og:locale\" content=\"en_GB\" \/>\n<meta property=\"og:type\" content=\"article\" \/>\n<meta property=\"og:title\" content=\"Contacto con Olivia Blanchard | Investigadora y Consultora en IA\" \/>\n<meta property=\"og:description\" content=\"\u00bfInteresado en conocer m\u00e1s sobre mis servicios de consultor\u00eda en IA, g\u00e9nero y futuro del trabajo? \u00a1Cont\u00e1ctame hoy mismo y exploremos juntos!\" \/>\n<meta property=\"og:url\" content=\"https:\/\/oliviablanchard.com\/en\/contacto\/\" \/>\n<meta property=\"og:site_name\" content=\"Olivia Blanchard | Investigadora y consultora independiente\" \/>\n<meta property=\"article:modified_time\" content=\"2025-06-12T06:40:18+00:00\" \/>\n<meta property=\"og:image\" content=\"https:\/\/oliviablanchard.com\/wp-content\/uploads\/2025\/04\/IMG_3186-edit-1024x768.jpg\" \/>\n<meta name=\"twitter:card\" content=\"summary_large_image\" \/>\n<meta name=\"twitter:label1\" content=\"Estimated reading time\" \/>\n\t<meta name=\"twitter:data1\" content=\"1 minute\" \/>\n<script type=\"application\/ld+json\" class=\"yoast-schema-graph\">{\"@context\":\"https:\\\/\\\/schema.org\",\"@graph\":[{\"@type\":\"WebPage\",\"@id\":\"https:\\\/\\\/oliviablanchard.com\\\/contacto\\\/\",\"url\":\"https:\\\/\\\/oliviablanchard.com\\\/contacto\\\/\",\"name\":\"Contacto con Olivia Blanchard | Investigadora y Consultora en IA\",\"isPartOf\":{\"@id\":\"https:\\\/\\\/oliviablanchard.com\\\/#website\"},\"primaryImageOfPage\":{\"@id\":\"https:\\\/\\\/oliviablanchard.com\\\/contacto\\\/#primaryimage\"},\"image\":{\"@id\":\"https:\\\/\\\/oliviablanchard.com\\\/contacto\\\/#primaryimage\"},\"thumbnailUrl\":\"https:\\\/\\\/oliviablanchard.com\\\/wp-content\\\/uploads\\\/2025\\\/04\\\/IMG_3186-edit-1024x768.jpg\",\"datePublished\":\"2025-02-10T13:42:22+00:00\",\"dateModified\":\"2025-06-12T06:40:18+00:00\",\"description\":\"\u00bfInteresado en conocer m\u00e1s sobre mis servicios de consultor\u00eda en IA, g\u00e9nero y futuro del trabajo? \u00a1Cont\u00e1ctame hoy mismo y exploremos juntos!\",\"breadcrumb\":{\"@id\":\"https:\\\/\\\/oliviablanchard.com\\\/contacto\\\/#breadcrumb\"},\"inLanguage\":\"en-GB\",\"potentialAction\":[{\"@type\":\"ReadAction\",\"target\":[\"https:\\\/\\\/oliviablanchard.com\\\/contacto\\\/\"]}]},{\"@type\":\"ImageObject\",\"inLanguage\":\"en-GB\",\"@id\":\"https:\\\/\\\/oliviablanchard.com\\\/contacto\\\/#primaryimage\",\"url\":\"https:\\\/\\\/oliviablanchard.com\\\/wp-content\\\/uploads\\\/2025\\\/04\\\/IMG_3186-edit-1024x768.jpg\",\"contentUrl\":\"https:\\\/\\\/oliviablanchard.com\\\/wp-content\\\/uploads\\\/2025\\\/04\\\/IMG_3186-edit-1024x768.jpg\"},{\"@type\":\"BreadcrumbList\",\"@id\":\"https:\\\/\\\/oliviablanchard.com\\\/contacto\\\/#breadcrumb\",\"itemListElement\":[{\"@type\":\"ListItem\",\"position\":1,\"name\":\"Portada\",\"item\":\"https:\\\/\\\/oliviablanchard.com\\\/\"},{\"@type\":\"ListItem\",\"position\":2,\"name\":\"Contacto\"}]},{\"@type\":\"WebSite\",\"@id\":\"https:\\\/\\\/oliviablanchard.com\\\/#website\",\"url\":\"https:\\\/\\\/oliviablanchard.com\\\/\",\"name\":\"Olivia Blanchard | Investigadora y consultora independiente\",\"description\":\"Soy investigadora y consultora independiente especializada en el impacto de las tecnolog&iacute;as digitales y la IA en la sociedad. Trabajo en Barcelona y a nivel internacional, en investigaci&oacute;n, divulgaci&oacute;n, facilitaci&oacute;n y formaci&oacute;n. Antes de ser consultora a tiempo completo, trabaj&eacute; durante cinco a&ntilde;os como investigadora senior en la Fundaci&oacute;n Mobile World Capital en Barcelona, \u200b\u200bdonde dirig&iacute; la investigaci&oacute;n del think tank sobre el futuro del trabajo.\",\"potentialAction\":[{\"@type\":\"SearchAction\",\"target\":{\"@type\":\"EntryPoint\",\"urlTemplate\":\"https:\\\/\\\/oliviablanchard.com\\\/?s={search_term_string}\"},\"query-input\":{\"@type\":\"PropertyValueSpecification\",\"valueRequired\":true,\"valueName\":\"search_term_string\"}}],\"inLanguage\":\"en-GB\"}]}<\/script>\n<!-- \/ Yoast SEO plugin. -->","yoast_head_json":{"title":"Contacto con Olivia Blanchard | Investigadora y Consultora en IA","description":"\u00bfInteresado en conocer m\u00e1s sobre mis servicios de consultor\u00eda en IA, g\u00e9nero y futuro del trabajo? \u00a1Cont\u00e1ctame hoy mismo y exploremos juntos!","robots":{"index":"index","follow":"follow","max-snippet":"max-snippet:-1","max-image-preview":"max-image-preview:large","max-video-preview":"max-video-preview:-1"},"canonical":"https:\/\/oliviablanchard.com\/en\/contacto\/","og_locale":"en_GB","og_type":"article","og_title":"Contacto con Olivia Blanchard | Investigadora y Consultora en IA","og_description":"\u00bfInteresado en conocer m\u00e1s sobre mis servicios de consultor\u00eda en IA, g\u00e9nero y futuro del trabajo? \u00a1Cont\u00e1ctame hoy mismo y exploremos juntos!","og_url":"https:\/\/oliviablanchard.com\/en\/contacto\/","og_site_name":"Olivia Blanchard | Investigadora y consultora independiente","article_modified_time":"2025-06-12T06:40:18+00:00","og_image":[{"url":"https:\/\/oliviablanchard.com\/wp-content\/uploads\/2025\/04\/IMG_3186-edit-1024x768.jpg","type":"","width":"","height":""}],"twitter_card":"summary_large_image","twitter_misc":{"Estimated reading time":"1 minute"},"schema":{"@context":"https:\/\/schema.org","@graph":[{"@type":"WebPage","@id":"https:\/\/oliviablanchard.com\/contacto\/","url":"https:\/\/oliviablanchard.com\/contacto\/","name":"Contacto con Olivia Blanchard | Investigadora y Consultora en IA","isPartOf":{"@id":"https:\/\/oliviablanchard.com\/#website"},"primaryImageOfPage":{"@id":"https:\/\/oliviablanchard.com\/contacto\/#primaryimage"},"image":{"@id":"https:\/\/oliviablanchard.com\/contacto\/#primaryimage"},"thumbnailUrl":"https:\/\/oliviablanchard.com\/wp-content\/uploads\/2025\/04\/IMG_3186-edit-1024x768.jpg","datePublished":"2025-02-10T13:42:22+00:00","dateModified":"2025-06-12T06:40:18+00:00","description":"\u00bfInteresado en conocer m\u00e1s sobre mis servicios de consultor\u00eda en IA, g\u00e9nero y futuro del trabajo? \u00a1Cont\u00e1ctame hoy mismo y exploremos juntos!","breadcrumb":{"@id":"https:\/\/oliviablanchard.com\/contacto\/#breadcrumb"},"inLanguage":"en-GB","potentialAction":[{"@type":"ReadAction","target":["https:\/\/oliviablanchard.com\/contacto\/"]}]},{"@type":"ImageObject","inLanguage":"en-GB","@id":"https:\/\/oliviablanchard.com\/contacto\/#primaryimage","url":"https:\/\/oliviablanchard.com\/wp-content\/uploads\/2025\/04\/IMG_3186-edit-1024x768.jpg","contentUrl":"https:\/\/oliviablanchard.com\/wp-content\/uploads\/2025\/04\/IMG_3186-edit-1024x768.jpg"},{"@type":"BreadcrumbList","@id":"https:\/\/oliviablanchard.com\/contacto\/#breadcrumb","itemListElement":[{"@type":"ListItem","position":1,"name":"Portada","item":"https:\/\/oliviablanchard.com\/"},{"@type":"ListItem","position":2,"name":"Contacto"}]},{"@type":"WebSite","@id":"https:\/\/oliviablanchard.com\/#website","url":"https:\/\/oliviablanchard.com\/","name":"Olivia Blanchard | Investigadora y consultora independiente","description":"Soy investigadora y consultora independiente especializada en el impacto de las tecnolog&iacute;as digitales y la IA en la sociedad. Trabajo en Barcelona y a nivel internacional, en investigaci&oacute;n, divulgaci&oacute;n, facilitaci&oacute;n y formaci&oacute;n. Antes de ser consultora a tiempo completo, trabaj&eacute; durante cinco a&ntilde;os como investigadora senior en la Fundaci&oacute;n Mobile World Capital en Barcelona, \u200b\u200bdonde dirig&iacute; la investigaci&oacute;n del think tank sobre el futuro del trabajo.","potentialAction":[{"@type":"SearchAction","target":{"@type":"EntryPoint","urlTemplate":"https:\/\/oliviablanchard.com\/?s={search_term_string}"},"query-input":{"@type":"PropertyValueSpecification","valueRequired":true,"valueName":"search_term_string"}}],"inLanguage":"en-GB"}]}},"_links":{"self":[{"href":"https:\/\/oliviablanchard.com\/en\/wp-json\/wp\/v2\/pages\/172","targetHints":{"allow":["GET"]}}],"collection":[{"href":"https:\/\/oliviablanchard.com\/en\/wp-json\/wp\/v2\/pages"}],"about":[{"href":"https:\/\/oliviablanchard.com\/en\/wp-json\/wp\/v2\/types\/page"}],"author":[{"embeddable":true,"href":"https:\/\/oliviablanchard.com\/en\/wp-json\/wp\/v2\/users\/2"}],"replies":[{"embeddable":true,"href":"https:\/\/oliviablanchard.com\/en\/wp-json\/wp\/v2\/comments?post=172"}],"version-history":[{"count":113,"href":"https:\/\/oliviablanchard.com\/en\/wp-json\/wp\/v2\/pages\/172\/revisions"}],"predecessor-version":[{"id":1830,"href":"https:\/\/oliviablanchard.com\/en\/wp-json\/wp\/v2\/pages\/172\/revisions\/1830"}],"wp:attachment":[{"href":"https:\/\/oliviablanchard.com\/en\/wp-json\/wp\/v2\/media?parent=172"}],"curies":[{"name":"wp","href":"https:\/\/api.w.org\/{rel}","templated":true}]}}