{"id":16,"date":"2025-02-04T09:46:05","date_gmt":"2025-02-04T09:46:05","guid":{"rendered":"https:\/\/oliviablanchard.com\/?page_id=16"},"modified":"2025-03-31T15:53:19","modified_gmt":"2025-03-31T15:53:19","slug":"politica-de-cookies","status":"publish","type":"page","link":"https:\/\/oliviablanchard.com\/en\/politica-de-cookies\/","title":{"rendered":"Cookie policy"},"content":{"rendered":"<p>On the website of Olivia Blanchard Wrigglesworth<strong>.<\/strong> we use cookies to improve the user experience, easy navigation and optimize the performance of our site. Below, we explain what cookies are, what types of cookies do we use and how you can manage them.<\/p>\n<h4>What are Cookies?<\/h4>\n<p>Cookies are small text files which are stored on a user&#039;s device (computer, smartphone, tablet, etc) when you visit a website. These cookies allow the website to remember information about your visit, such as preferred language, the products that you have added to the shopping cart, or your browsing preferences.<\/p>\n<h4>Types of Cookies Used<\/h4>\n<ol>\n<li><strong>Technical Cookies or strictly Necessary<\/strong>:<br \/>\nThese cookies are essential to the operation of the website and allow the user to navigate the site and to use its basic functions, such as access to secure areas or processing of an order.<\/li>\n<li><strong>Cookies Preferences<\/strong>:<br \/>\nRemembers the user&#039;s preferences, such as language or regional settings, to enhance the experience on future visits.<\/li>\n<\/ol>\n<h4>How can I manage Cookies?<\/h4>\n<p>When you access our website for the first time, you will see a banner of cookies that will allow you to accept or configure the use of cookies in accordance with your preferences. At any time, you can manage your cookie preferences through the settings of your browser:<\/p>\n<ul>\n<li><strong>Google Chrome<\/strong>: https:\/\/support.google.com\/chrome\/answer\/95647?hl=es<\/li>\n<li><strong>Mozilla Firefox<\/strong>: https:\/\/support.mozilla.org\/es\/kb\/habilitar-y-deshabilitar-cookies-sitios-web-rastrear-preferencias<\/li>\n<li><strong>Safari<\/strong>: https:\/\/support.apple.com\/es-es\/guide\/safari\/sfri11471\/mac<\/li>\n<li><strong>Microsoft Edge<\/strong>: https:\/\/support.microsoft.com\/es-es\/microsoft-edge\/borrar-las-cookies-en-microsoft-edge-63947406-40ac-c3b8-57b9-2a946a29ae09<\/li>\n<\/ul>\n<p>If you disable cookies, some features of our site may not work correctly or the user experience is affected.<\/p>\n<h4>Cookies used on this website<\/h4>\n<p>Below, we offer a list of the main cookies used on our site:<\/p>\n<table>\n<thead>\n<tr>\n<th><strong>Name of the cookie<\/strong><\/th>\n<th><strong>Provider<\/strong><\/th>\n<th><strong>Purpose<\/strong><\/th>\n<th><strong>Duration<\/strong><\/th>\n<\/tr>\n<\/thead>\n<tbody>\n<tr>\n<td>CookieConsent<\/td>\n<td>Own<\/td>\n<td>Stores the consent of all cookies on the user<\/td>\n<td>1 year<\/td>\n<\/tr>\n<\/tbody>\n<\/table>\n<h4>Updates and changes to the Cookie Policy<\/h4>\n<p>Olivia Blanchard Wrigglesworth reserves the right to change this Cookie Policy at any time. Any changes will be posted on this website. We encourage you to review this policy periodically to stay informed about how we use cookies.<\/p>\n<h4>Contact<\/h4>\n<p>If you have any questions about our Cookie Policy, you can get in touch with us on <b>olivia@oliviablanchard.com<\/b><\/p>","protected":false},"excerpt":{"rendered":"<p>En el sitio web de Olivia Blanchard Wrigglesworth. utilizamos cookies para mejorar la experiencia de los usuarios, facilitar la navegaci\u00f3n y optimizar el rendimiento de nuestro sitio web. A continuaci\u00f3n, te explicamos qu\u00e9 son las cookies, qu\u00e9 tipo de cookies utilizamos y c\u00f3mo puedes gestionarlas. \u00bfQu\u00e9 son las Cookies? Las cookies son peque\u00f1os archivos de&hellip;&nbsp;<\/p>","protected":false},"author":1,"featured_media":0,"parent":0,"menu_order":0,"comment_status":"closed","ping_status":"closed","template":"","meta":{"neve_meta_sidebar":"","neve_meta_container":"","neve_meta_enable_content_width":"off","neve_meta_content_width":100,"neve_meta_title_alignment":"","neve_meta_author_avatar":"","neve_post_elements_order":"","neve_meta_disable_header":"","neve_meta_disable_footer":"","neve_meta_disable_title":"","neve_meta_reading_time":"","footnotes":""},"class_list":["post-16","page","type-page","status-publish","hentry"],"yoast_head":"<!-- This site is optimized with the Yoast SEO plugin v27.4 - https:\/\/yoast.com\/product\/yoast-seo-wordpress\/ -->\n<title>Pol\u00edtica de Cookies - Olivia Blanchard | Investigadora y consultora independiente<\/title>\n<meta name=\"robots\" content=\"index, follow, max-snippet:-1, max-image-preview:large, max-video-preview:-1\" \/>\n<link rel=\"canonical\" href=\"https:\/\/oliviablanchard.com\/en\/politica-de-cookies\/\" \/>\n<meta property=\"og:locale\" content=\"en_GB\" \/>\n<meta property=\"og:type\" content=\"article\" \/>\n<meta property=\"og:title\" content=\"Pol\u00edtica de Cookies - Olivia Blanchard | Investigadora y consultora independiente\" \/>\n<meta property=\"og:description\" content=\"En el sitio web de Olivia Blanchard Wrigglesworth. utilizamos cookies para mejorar la experiencia de los usuarios, facilitar la navegaci\u00f3n y optimizar el rendimiento de nuestro sitio web. A continuaci\u00f3n, te explicamos qu\u00e9 son las cookies, qu\u00e9 tipo de cookies utilizamos y c\u00f3mo puedes gestionarlas. \u00bfQu\u00e9 son las Cookies? Las cookies son peque\u00f1os archivos de&hellip;&nbsp;\" \/>\n<meta property=\"og:url\" content=\"https:\/\/oliviablanchard.com\/en\/politica-de-cookies\/\" \/>\n<meta property=\"og:site_name\" content=\"Olivia Blanchard | Investigadora y consultora independiente\" \/>\n<meta property=\"article:modified_time\" content=\"2025-03-31T15:53:19+00:00\" \/>\n<meta name=\"twitter:card\" content=\"summary_large_image\" \/>\n<meta name=\"twitter:label1\" content=\"Estimated reading time\" \/>\n\t<meta name=\"twitter:data1\" content=\"2 minutes\" \/>\n<script type=\"application\/ld+json\" class=\"yoast-schema-graph\">{\"@context\":\"https:\\\/\\\/schema.org\",\"@graph\":[{\"@type\":\"WebPage\",\"@id\":\"https:\\\/\\\/oliviablanchard.com\\\/politica-de-cookies\\\/\",\"url\":\"https:\\\/\\\/oliviablanchard.com\\\/politica-de-cookies\\\/\",\"name\":\"Pol\u00edtica de Cookies - Olivia Blanchard | Investigadora y consultora independiente\",\"isPartOf\":{\"@id\":\"https:\\\/\\\/oliviablanchard.com\\\/#website\"},\"datePublished\":\"2025-02-04T09:46:05+00:00\",\"dateModified\":\"2025-03-31T15:53:19+00:00\",\"breadcrumb\":{\"@id\":\"https:\\\/\\\/oliviablanchard.com\\\/politica-de-cookies\\\/#breadcrumb\"},\"inLanguage\":\"en-GB\",\"potentialAction\":[{\"@type\":\"ReadAction\",\"target\":[\"https:\\\/\\\/oliviablanchard.com\\\/politica-de-cookies\\\/\"]}]},{\"@type\":\"BreadcrumbList\",\"@id\":\"https:\\\/\\\/oliviablanchard.com\\\/politica-de-cookies\\\/#breadcrumb\",\"itemListElement\":[{\"@type\":\"ListItem\",\"position\":1,\"name\":\"Portada\",\"item\":\"https:\\\/\\\/oliviablanchard.com\\\/\"},{\"@type\":\"ListItem\",\"position\":2,\"name\":\"Pol\u00edtica de Cookies\"}]},{\"@type\":\"WebSite\",\"@id\":\"https:\\\/\\\/oliviablanchard.com\\\/#website\",\"url\":\"https:\\\/\\\/oliviablanchard.com\\\/\",\"name\":\"Olivia Blanchard | Investigadora y consultora independiente\",\"description\":\"Soy investigadora y consultora independiente especializada en el impacto de las tecnolog&iacute;as digitales y la IA en la sociedad. Trabajo en Barcelona y a nivel internacional, en investigaci&oacute;n, divulgaci&oacute;n, facilitaci&oacute;n y formaci&oacute;n. Antes de ser consultora a tiempo completo, trabaj&eacute; durante cinco a&ntilde;os como investigadora senior en la Fundaci&oacute;n Mobile World Capital en Barcelona, \u200b\u200bdonde dirig&iacute; la investigaci&oacute;n del think tank sobre el futuro del trabajo.\",\"potentialAction\":[{\"@type\":\"SearchAction\",\"target\":{\"@type\":\"EntryPoint\",\"urlTemplate\":\"https:\\\/\\\/oliviablanchard.com\\\/?s={search_term_string}\"},\"query-input\":{\"@type\":\"PropertyValueSpecification\",\"valueRequired\":true,\"valueName\":\"search_term_string\"}}],\"inLanguage\":\"en-GB\"}]}<\/script>\n<!-- \/ Yoast SEO plugin. -->","yoast_head_json":{"title":"Pol\u00edtica de Cookies - Olivia Blanchard | Investigadora y consultora independiente","robots":{"index":"index","follow":"follow","max-snippet":"max-snippet:-1","max-image-preview":"max-image-preview:large","max-video-preview":"max-video-preview:-1"},"canonical":"https:\/\/oliviablanchard.com\/en\/politica-de-cookies\/","og_locale":"en_GB","og_type":"article","og_title":"Pol\u00edtica de Cookies - Olivia Blanchard | Investigadora y consultora independiente","og_description":"En el sitio web de Olivia Blanchard Wrigglesworth. utilizamos cookies para mejorar la experiencia de los usuarios, facilitar la navegaci\u00f3n y optimizar el rendimiento de nuestro sitio web. A continuaci\u00f3n, te explicamos qu\u00e9 son las cookies, qu\u00e9 tipo de cookies utilizamos y c\u00f3mo puedes gestionarlas. \u00bfQu\u00e9 son las Cookies? Las cookies son peque\u00f1os archivos de&hellip;&nbsp;","og_url":"https:\/\/oliviablanchard.com\/en\/politica-de-cookies\/","og_site_name":"Olivia Blanchard | Investigadora y consultora independiente","article_modified_time":"2025-03-31T15:53:19+00:00","twitter_card":"summary_large_image","twitter_misc":{"Estimated reading time":"2 minutes"},"schema":{"@context":"https:\/\/schema.org","@graph":[{"@type":"WebPage","@id":"https:\/\/oliviablanchard.com\/politica-de-cookies\/","url":"https:\/\/oliviablanchard.com\/politica-de-cookies\/","name":"Pol\u00edtica de Cookies - Olivia Blanchard | Investigadora y consultora independiente","isPartOf":{"@id":"https:\/\/oliviablanchard.com\/#website"},"datePublished":"2025-02-04T09:46:05+00:00","dateModified":"2025-03-31T15:53:19+00:00","breadcrumb":{"@id":"https:\/\/oliviablanchard.com\/politica-de-cookies\/#breadcrumb"},"inLanguage":"en-GB","potentialAction":[{"@type":"ReadAction","target":["https:\/\/oliviablanchard.com\/politica-de-cookies\/"]}]},{"@type":"BreadcrumbList","@id":"https:\/\/oliviablanchard.com\/politica-de-cookies\/#breadcrumb","itemListElement":[{"@type":"ListItem","position":1,"name":"Portada","item":"https:\/\/oliviablanchard.com\/"},{"@type":"ListItem","position":2,"name":"Pol\u00edtica de Cookies"}]},{"@type":"WebSite","@id":"https:\/\/oliviablanchard.com\/#website","url":"https:\/\/oliviablanchard.com\/","name":"Olivia Blanchard | Investigadora y consultora independiente","description":"Soy investigadora y consultora independiente especializada en el impacto de las tecnolog&iacute;as digitales y la IA en la sociedad. Trabajo en Barcelona y a nivel internacional, en investigaci&oacute;n, divulgaci&oacute;n, facilitaci&oacute;n y formaci&oacute;n. Antes de ser consultora a tiempo completo, trabaj&eacute; durante cinco a&ntilde;os como investigadora senior en la Fundaci&oacute;n Mobile World Capital en Barcelona, \u200b\u200bdonde dirig&iacute; la investigaci&oacute;n del think tank sobre el futuro del trabajo.","potentialAction":[{"@type":"SearchAction","target":{"@type":"EntryPoint","urlTemplate":"https:\/\/oliviablanchard.com\/?s={search_term_string}"},"query-input":{"@type":"PropertyValueSpecification","valueRequired":true,"valueName":"search_term_string"}}],"inLanguage":"en-GB"}]}},"_links":{"self":[{"href":"https:\/\/oliviablanchard.com\/en\/wp-json\/wp\/v2\/pages\/16","targetHints":{"allow":["GET"]}}],"collection":[{"href":"https:\/\/oliviablanchard.com\/en\/wp-json\/wp\/v2\/pages"}],"about":[{"href":"https:\/\/oliviablanchard.com\/en\/wp-json\/wp\/v2\/types\/page"}],"author":[{"embeddable":true,"href":"https:\/\/oliviablanchard.com\/en\/wp-json\/wp\/v2\/users\/1"}],"replies":[{"embeddable":true,"href":"https:\/\/oliviablanchard.com\/en\/wp-json\/wp\/v2\/comments?post=16"}],"version-history":[{"count":3,"href":"https:\/\/oliviablanchard.com\/en\/wp-json\/wp\/v2\/pages\/16\/revisions"}],"predecessor-version":[{"id":1518,"href":"https:\/\/oliviablanchard.com\/en\/wp-json\/wp\/v2\/pages\/16\/revisions\/1518"}],"wp:attachment":[{"href":"https:\/\/oliviablanchard.com\/en\/wp-json\/wp\/v2\/media?parent=16"}],"curies":[{"name":"wp","href":"https:\/\/api.w.org\/{rel}","templated":true}]}}